{"id":2681,"date":"2023-04-13T09:41:22","date_gmt":"2023-04-13T09:41:22","guid":{"rendered":"https:\/\/toika.sapartners.site\/product\/laila-kangaspuut\/"},"modified":"2024-11-27T16:24:03","modified_gmt":"2024-11-27T16:24:03","slug":"laila-kangaspuut","status":"publish","type":"product","link":"https:\/\/www.toika.com\/sv\/produkt\/laila-kangaspuut\/","title":{"rendered":"Laila-Kangaspuut"},"content":{"rendered":"<p><a href=\"https:\/\/kauppa.toika.com\/category\/6\/laila-kangaspuut\" target=\"_blank\" rel=\"noopener\"><strong>Tutustu Laila-kangaspuihin verkkokaupassamme!<\/strong><\/a><\/p>\n<p>Kauniit Laila-kangaspuut sopivat sek\u00e4 aikuisille ett\u00e4 lapsille. Pienikokoisina vipupuina Laila-kangaspuut antavat oikean tuntuman kangaspuilla kutomiseen. K\u00e4yt\u00f6ss\u00e4 on kuusi vartta, jotka antavat mahdollisuuden kutoa monipuolisia sidoksia. Kangaspuihin on saatavana erikseen oma Laila-jakkara, joka on mitoitettu juuri n\u00e4ille puille.<\/p>\n<p><strong>Tekniset tiedot<\/strong><br \/>\n<strong>Vipukangaspuut<\/strong>, kokoontaittuvat<br \/>\n<strong>Ty\u00f6leveys<\/strong>: 70 cm<br \/>\n<strong>Varsi- ja polkusm\u00e4\u00e4r\u00e4t<\/strong>: 4 vartta ja 4 polkusta tai 8 vartta ja 8 polkusta<br \/>\nUlottuvuudet ja paino<\/p>\n<div>\n<table border=\"0\">\n<tbody>\n<tr>\n<td><strong>Korkeus <\/strong><\/td>\n<td><strong>Kokonaisleveys<\/strong><\/td>\n<td><strong>Paino<\/strong><\/td>\n<\/tr>\n<tr>\n<td>120 cm<\/td>\n<td>103 cm<\/td>\n<td>30 kg<\/td>\n<\/tr>\n<tr>\n<td><\/td>\n<td><\/td>\n<td><\/td>\n<\/tr>\n<tr>\n<td><strong>Syvyys<\/strong><\/td>\n<td><strong>Jakkaran kanssa <\/strong><\/td>\n<td><strong>Kokoontaitettuina <\/strong><\/td>\n<\/tr>\n<tr>\n<td>85 cm<\/td>\n<td>115 cm<\/td>\n<td>60 cm<\/td>\n<\/tr>\n<\/tbody>\n<\/table>\n<\/div>\n","protected":false},"excerpt":{"rendered":"<p>LAILA-kangaspuut ovat k\u00e4tev\u00e4t kaikenlaiseen kutomiseen matonkudontaa lukuunottamatta. Laila-kangaspuut ovat n\u00e4pp\u00e4r\u00e4t kangaspuut my\u00f6s silloin, kun tilaa on v\u00e4h\u00e4n. Koska puut taittuvat kokoon kudontakunnossakin, ne voi siirt\u00e4\u00e4 vaikka komeroon kudontahetken p\u00e4\u00e4tytty\u00e4.<\/p>\n","protected":false},"featured_media":2110,"comment_status":"open","ping_status":"closed","template":"","meta":{"_acf_changed":false,"inline_featured_image":false},"product_brand":[],"product_cat":[100,118,122],"product_tag":[],"class_list":{"0":"post-2681","1":"product","2":"type-product","3":"status-publish","4":"has-post-thumbnail","6":"product_cat-hantverk","7":"product_cat-vavning","8":"product_cat-vavstolar","10":"first","11":"instock","12":"shipping-taxable","13":"product-type-simple"},"acf":[],"_links":{"self":[{"href":"https:\/\/www.toika.com\/sv\/wp-json\/wp\/v2\/product\/2681","targetHints":{"allow":["GET"]}}],"collection":[{"href":"https:\/\/www.toika.com\/sv\/wp-json\/wp\/v2\/product"}],"about":[{"href":"https:\/\/www.toika.com\/sv\/wp-json\/wp\/v2\/types\/product"}],"replies":[{"embeddable":true,"href":"https:\/\/www.toika.com\/sv\/wp-json\/wp\/v2\/comments?post=2681"}],"wp:featuredmedia":[{"embeddable":true,"href":"https:\/\/www.toika.com\/sv\/wp-json\/wp\/v2\/media\/2110"}],"wp:attachment":[{"href":"https:\/\/www.toika.com\/sv\/wp-json\/wp\/v2\/media?parent=2681"}],"wp:term":[{"taxonomy":"product_brand","embeddable":true,"href":"https:\/\/www.toika.com\/sv\/wp-json\/wp\/v2\/product_brand?post=2681"},{"taxonomy":"product_cat","embeddable":true,"href":"https:\/\/www.toika.com\/sv\/wp-json\/wp\/v2\/product_cat?post=2681"},{"taxonomy":"product_tag","embeddable":true,"href":"https:\/\/www.toika.com\/sv\/wp-json\/wp\/v2\/product_tag?post=2681"}],"curies":[{"name":"wp","href":"https:\/\/api.w.org\/{rel}","templated":true}]}}