{"id":2689,"date":"2023-04-13T09:48:22","date_gmt":"2023-04-13T09:48:22","guid":{"rendered":"https:\/\/toika.sapartners.site\/product\/liisa-kangaspuut\/"},"modified":"2024-11-27T19:18:53","modified_gmt":"2024-11-27T19:18:53","slug":"liisa-kangaspuut","status":"publish","type":"product","link":"https:\/\/www.toika.com\/sv\/produkt\/liisa-kangaspuut\/","title":{"rendered":"Liisa-kangaspuut"},"content":{"rendered":"<p><a href=\"https:\/\/kauppa.toika.com\/category\/8\/liisa-kangaspuut\" target=\"_blank\" rel=\"noopener\"><strong>Tutustu Liisa-kangaspuihin verkkokaupassamme!<\/strong><\/a><\/p>\n<p>Liisa-kangaspuut kootaan kiiloilla ja saadaan n\u00e4in eritt\u00e4in tukeviksi. Kangaspuut on helppo purkaa ja koota uudelleen tarpeen niin vaatiessa. Rinta-, selk\u00e4- ja polvipuut ovat samanlaiset ja kesken\u00e4\u00e4n vaihdettavissa. Py\u00f6ristyksen ansiosta ne ovat hell\u00e4varaisia kankaille ja langoille. Tarkkaan harkitun mitoituksensa ansiosta Liisa-kangaspuut soveltuvat miltei kaikille kutojille ja mahdollistavat pitk\u00e4n kudontav\u00e4lin.<\/p>\n<p>Mukaan kuuluvat Liisa-jakkara, kierrehammaspy\u00f6r\u00e4laite portaattomaan loimenlaskuun, kumisuojat jalkojen alle sek\u00e4 nuija kiilojen kiristykseen. Kierrehammaspy\u00f6r\u00e4laite mahdollistaa loimen p\u00e4\u00e4st\u00e4misen jakkaralta nousematta. Yl\u00e4orressa olevaan korkkilevyyn voit nuppineuloilla kiinnitt\u00e4\u00e4 ty\u00f6ohjeen ja k\u00e4tev\u00e4 saksiteline pit\u00e4\u00e4 sakset saatavilla. Erikseen on saatavana luhan topparikumit, joilla voit s\u00e4\u00e4t\u00e4\u00e4 luhan lepoasentoa ja est\u00e4\u00e4 sen kolahtelun. Liisa-kangaspuihin voi liitt\u00e4\u00e4 mm. tietokoneohjauksen, kaksoisloimitukin ja heittosukkulalaitteen.<\/p>\n<p><strong>Tekniset tiedot<\/strong><\/p>\n<p><strong>Vipukangaspuut<\/strong><br \/>\n<strong>Ty\u00f6leveydet<\/strong>: 80, 100, 120 ja 150 cm<br \/>\n<strong>Varsim\u00e4\u00e4r\u00e4t<\/strong>: 4, 8,12 sek\u00e4 tilauksesta 16 vartta.<br \/>\n<strong>Polkusm\u00e4\u00e4r\u00e4t<\/strong>: Polkusm\u00e4\u00e4r\u00e4 on normaalisti sama kuin varsim\u00e4\u00e4r\u00e4.Poikkeava polkusm\u00e4\u00e4r\u00e4 on mahdollinen.<\/p>\n<p><strong>Ulottuvuudet ja paino<\/strong><\/p>\n<table border=\"0\" align=\"left\">\n<tbody>\n<tr>\n<td align=\"left\"><strong>Kudontaleveys <\/strong><\/td>\n<td align=\"left\"><strong>Kokonaisleveys <\/strong><\/td>\n<td align=\"left\"><strong>Paino (noin)<\/strong><\/td>\n<\/tr>\n<tr>\n<td align=\"left\">80 cm<\/td>\n<td align=\"left\">117 cm<\/td>\n<td align=\"left\">90 kg<\/td>\n<\/tr>\n<tr>\n<td align=\"left\">100 cm<\/td>\n<td align=\"left\">137 cm<\/td>\n<td align=\"left\">100 kg<\/td>\n<\/tr>\n<tr>\n<td align=\"left\">120 cm<\/td>\n<td align=\"left\">157 cm<\/td>\n<td align=\"left\">110 kg<\/td>\n<\/tr>\n<tr>\n<td align=\"left\">150 cm<\/td>\n<td align=\"left\">187 cm<\/td>\n<td align=\"left\">120 kg<\/td>\n<\/tr>\n<tr>\n<td align=\"left\"><\/td>\n<td align=\"left\"><\/td>\n<td align=\"left\"><\/td>\n<\/tr>\n<tr>\n<td align=\"left\"><strong>Korkeus<\/strong><\/td>\n<td align=\"left\"><strong>Syvyys<\/strong><\/td>\n<td align=\"left\"><strong>Syvyys jakkaran kanssa<\/strong><\/td>\n<\/tr>\n<tr>\n<td align=\"left\">153 cm<\/td>\n<td align=\"left\">136 cm<\/td>\n<td align=\"left\">170 cm<\/td>\n<\/tr>\n<\/tbody>\n<\/table>\n<p>Pyyd\u00e4 tarjous tai kysy tuotteesta!<\/p>\n\n<div class=\"wpcf7 no-js\" id=\"wpcf7-f800-o1\" lang=\"en-US\" dir=\"ltr\" data-wpcf7-id=\"800\">\n<div class=\"screen-reader-response\"><p role=\"status\" aria-live=\"polite\" aria-atomic=\"true\"><\/p> <ul><\/ul><\/div>\n<form action=\"\/sv\/wp-json\/wp\/v2\/product\/2689#wpcf7-f800-o1\" method=\"post\" class=\"wpcf7-form init\" aria-label=\"Contact form\" novalidate=\"novalidate\" data-status=\"init\">\n<fieldset class=\"hidden-fields-container\"><input type=\"hidden\" name=\"_wpcf7\" value=\"800\" \/><input type=\"hidden\" name=\"_wpcf7_version\" value=\"6.1.5\" \/><input type=\"hidden\" name=\"_wpcf7_locale\" value=\"en_US\" \/><input type=\"hidden\" name=\"_wpcf7_unit_tag\" value=\"wpcf7-f800-o1\" \/><input type=\"hidden\" name=\"_wpcf7_container_post\" value=\"0\" \/><input type=\"hidden\" name=\"_wpcf7_posted_data_hash\" value=\"\" \/>\n<\/fieldset>\n<p><label> Nimi<br \/>\n<span class=\"wpcf7-form-control-wrap\" data-name=\"your-name\"><input size=\"40\" maxlength=\"400\" class=\"wpcf7-form-control wpcf7-text wpcf7-validates-as-required\" autocomplete=\"name\" aria-required=\"true\" aria-invalid=\"false\" value=\"\" type=\"text\" name=\"your-name\" \/><\/span> <\/label>\n<\/p>\n<p><label> S\u00e4hk\u00f6posti<br \/>\n<span class=\"wpcf7-form-control-wrap\" data-name=\"your-email\"><input size=\"40\" maxlength=\"400\" class=\"wpcf7-form-control wpcf7-email wpcf7-validates-as-required wpcf7-text wpcf7-validates-as-email\" autocomplete=\"email\" aria-required=\"true\" aria-invalid=\"false\" value=\"\" type=\"email\" name=\"your-email\" \/><\/span> <\/label>\n<\/p>\n<p><label> Kaupunki ja postinumero<br \/>\n<span class=\"wpcf7-form-control-wrap\" data-name=\"text-706\"><input size=\"40\" maxlength=\"400\" class=\"wpcf7-form-control wpcf7-text\" aria-invalid=\"false\" value=\"\" type=\"text\" name=\"text-706\" \/><\/span> <\/label>\n<\/p>\n<p><label> Kudontaleveys<br \/>\n<span class=\"wpcf7-form-control-wrap\" data-name=\"menu-235\"><select class=\"wpcf7-form-control wpcf7-select\" aria-invalid=\"false\" name=\"menu-235\"><option value=\"80 cm\">80 cm<\/option><option value=\"100 cm\">100 cm<\/option><option value=\"120 cm\">120 cm<\/option><option value=\"150 cm\">150 cm<\/option><\/select><\/span> <\/label>\n<\/p>\n<p><label> Varret<br \/>\n<span class=\"wpcf7-form-control-wrap\" data-name=\"menu-12\"><select class=\"wpcf7-form-control wpcf7-select\" aria-invalid=\"false\" name=\"menu-12\"><option value=\"Tietokoneohjaus - ES16\">Tietokoneohjaus - ES16<\/option><option value=\"Tietokoneohjaus - ES24\">Tietokoneohjaus - ES24<\/option><option value=\"Tietokoneohjaus - ES32\">Tietokoneohjaus - ES32<\/option><option value=\"Perinteinen - 4 vartta\">Perinteinen - 4 vartta<\/option><option value=\"Perinteinen - 8 vartta\">Perinteinen - 8 vartta<\/option><option value=\"Perinteinen - 16 vartta\">Perinteinen - 16 vartta<\/option><\/select><\/span><\/label>\n<\/p>\n<p><label> Viesti<br \/>\n<span class=\"wpcf7-form-control-wrap\" data-name=\"textarea-254\"><textarea cols=\"40\" rows=\"10\" maxlength=\"2000\" class=\"wpcf7-form-control wpcf7-textarea\" aria-invalid=\"false\" name=\"textarea-254\"><\/textarea><\/span><\/label>\n<\/p>\n<p><input class=\"wpcf7-form-control wpcf7-submit has-spinner\" type=\"submit\" value=\"L\u00e4het\u00e4\" \/>\n<\/p><div class=\"wpcf7-response-output\" aria-hidden=\"true\"><\/div>\n<\/form>\n<\/div>\n\n","protected":false},"excerpt":{"rendered":"<p>LIISA-kangaspuut ovat Suomen suosituimmat kangaspuut. Ne on kehitetty perinteisist\u00e4 suomalaisista kangaspuista. Ne ovat tukevat ja luotettavat sek\u00e4 harrastus- ett\u00e4 ammattik\u00e4ytt\u00f6\u00f6n. Liisat sopivat kaikenlaisten tekstiilien kutomiseen aina keveist\u00e4 kuultokudoksista tukeviin r\u00e4symattoihin.<\/p>\n","protected":false},"featured_media":2150,"comment_status":"open","ping_status":"closed","template":"","meta":{"_acf_changed":false,"inline_featured_image":false},"product_brand":[],"product_cat":[100,118,122],"product_tag":[],"class_list":{"0":"post-2689","1":"product","2":"type-product","3":"status-publish","4":"has-post-thumbnail","6":"product_cat-hantverk","7":"product_cat-vavning","8":"product_cat-vavstolar","10":"first","11":"instock","12":"shipping-taxable","13":"product-type-simple"},"acf":[],"_links":{"self":[{"href":"https:\/\/www.toika.com\/sv\/wp-json\/wp\/v2\/product\/2689","targetHints":{"allow":["GET"]}}],"collection":[{"href":"https:\/\/www.toika.com\/sv\/wp-json\/wp\/v2\/product"}],"about":[{"href":"https:\/\/www.toika.com\/sv\/wp-json\/wp\/v2\/types\/product"}],"replies":[{"embeddable":true,"href":"https:\/\/www.toika.com\/sv\/wp-json\/wp\/v2\/comments?post=2689"}],"wp:featuredmedia":[{"embeddable":true,"href":"https:\/\/www.toika.com\/sv\/wp-json\/wp\/v2\/media\/2150"}],"wp:attachment":[{"href":"https:\/\/www.toika.com\/sv\/wp-json\/wp\/v2\/media?parent=2689"}],"wp:term":[{"taxonomy":"product_brand","embeddable":true,"href":"https:\/\/www.toika.com\/sv\/wp-json\/wp\/v2\/product_brand?post=2689"},{"taxonomy":"product_cat","embeddable":true,"href":"https:\/\/www.toika.com\/sv\/wp-json\/wp\/v2\/product_cat?post=2689"},{"taxonomy":"product_tag","embeddable":true,"href":"https:\/\/www.toika.com\/sv\/wp-json\/wp\/v2\/product_tag?post=2689"}],"curies":[{"name":"wp","href":"https:\/\/api.w.org\/{rel}","templated":true}]}}