{"id":2697,"date":"2023-04-13T09:22:53","date_gmt":"2023-04-13T09:22:53","guid":{"rendered":"https:\/\/toika.sapartners.site\/product\/tietokoneohjaus\/"},"modified":"2025-09-24T09:01:14","modified_gmt":"2025-09-24T09:01:14","slug":"datorstyrning","status":"publish","type":"product","link":"https:\/\/www.toika.com\/sv\/produkt\/datorstyrning\/","title":{"rendered":"Datorstyrning"},"content":{"rendered":"<h2>Uppt\u00e4ck den nya ES+ Datorstyrningen!<\/h2>\n<p>Den helt nya ES+ Datorstyrningen \u00f6ppnar sp\u00e4nnande m\u00f6jligheter att ta kontroll som aldrig f\u00f6rr.Smart styrning via WLAN: Hantera enkelt WIF-formatm\u00f6nster direkt fr\u00e5n din smarta enhet.<br data-start=\"321\" data-end=\"324\" \/>F\u00f6rb\u00e4ttrad anv\u00e4ndbarhet: Anslut en extern sk\u00e4rm och tr\u00e5dl\u00f6s mus f\u00f6r en smidig, datorliknande upplevelse.<br data-start=\"428\" data-end=\"431\" \/>Flexibel modellhantering: Importera och spara WIF-formatm\u00f6nster utan anstr\u00e4ngning med ett USB-minne.Innovation, bekv\u00e4mlighet och frihet \u2014 allt i en kraftfull enhet!<\/p>\n<p><img fetchpriority=\"high\" decoding=\"async\" class=\"wp-image-6049 size-large\" src=\"https:\/\/www.toika.com\/wp-content\/uploads\/2023\/04\/nayttokuva_kudonta-1024x579.png\" alt=\"\" width=\"800\" height=\"452\" srcset=\"https:\/\/www.toika.com\/wp-content\/uploads\/2023\/04\/nayttokuva_kudonta-1024x579.png 1024w, https:\/\/www.toika.com\/wp-content\/uploads\/2023\/04\/nayttokuva_kudonta-300x170.png 300w, https:\/\/www.toika.com\/wp-content\/uploads\/2023\/04\/nayttokuva_kudonta-768x434.png 768w, https:\/\/www.toika.com\/wp-content\/uploads\/2023\/04\/nayttokuva_kudonta-1536x868.png 1536w, https:\/\/www.toika.com\/wp-content\/uploads\/2023\/04\/nayttokuva_kudonta-600x339.png 600w, https:\/\/www.toika.com\/wp-content\/uploads\/2023\/04\/nayttokuva_kudonta.png 1783w\" sizes=\"(max-width: 800px) 100vw, 800px\" \/><\/p>\n<p>Styr <strong data-start=\"5\" data-end=\"12\">ES+<\/strong> enkelt med en mus och sk\u00e4rm, utan n\u00e5gon extern programvara.<\/p>\n<div>\n<p><img decoding=\"async\" class=\"wp-image-6054 size-large\" src=\"https:\/\/www.toika.com\/wp-content\/uploads\/2023\/04\/nayttokuva_kudonta2-1024x595.jpeg\" alt=\"\" width=\"800\" height=\"465\" srcset=\"https:\/\/www.toika.com\/wp-content\/uploads\/2023\/04\/nayttokuva_kudonta2-1024x595.jpeg 1024w, https:\/\/www.toika.com\/wp-content\/uploads\/2023\/04\/nayttokuva_kudonta2-300x174.jpeg 300w, https:\/\/www.toika.com\/wp-content\/uploads\/2023\/04\/nayttokuva_kudonta2-768x446.jpeg 768w, https:\/\/www.toika.com\/wp-content\/uploads\/2023\/04\/nayttokuva_kudonta2-1536x892.jpeg 1536w, https:\/\/www.toika.com\/wp-content\/uploads\/2023\/04\/nayttokuva_kudonta2-600x348.jpeg 600w, https:\/\/www.toika.com\/wp-content\/uploads\/2023\/04\/nayttokuva_kudonta2.jpeg 1918w\" sizes=\"(max-width: 800px) 100vw, 800px\" \/><\/p>\n<\/div>\n<div>Styr <strong data-start=\"5\" data-end=\"12\">ES+<\/strong> med din smarta enhet via en webbl\u00e4sare \u00f6ver WLAN.<\/div>\n<div><\/div>\n<h2>L\u00e4ttanv\u00e4nda, p\u00e5litliga och l\u00e5nglivade datorv\u00e4vstola, ES+<\/h2>\n<p>Toika har tillverkat n\u00e4stan 1000 datorstyrda v\u00e4vstolar till \u00f6ver 30 olika l\u00e4nder under 30 \u00e5r!<br \/>\nToikas v\u00e4vstolar och styrenheter \u00e4r exempel p\u00e5 finskt kunnande och h\u00f6g kvalitet.<br \/>\nV\u00e5ra styrenheter, som kan s\u00e4ttas p\u00e5 b\u00e5de nya och gamla kontramarschv\u00e4vstolar, har blivit j\u00e4ttepopul\u00e4ra p.g.a. deras m\u00e5ngsidighet, funktionss\u00e4kerhet och beh\u00e4ndighet. Idag har vi lanserat en ny modell ES16, ES24 och ES32, som \u00e4r effektivare \u00e4n den \u00e4ldre EW-typen. Den nya modellen f\u00f6r v\u00e4vningen till en ny niv\u00e5 med sin eleganta formgivning och USB-koppling. Anv\u00e4ndarerfarenheten har ocks\u00e5 f\u00f6rb\u00e4ttrats med ett mjukt och tyst g\u00e5ngljud och genom att ers\u00e4tta l\u00e4ttslitna komponenter.<\/p>\n<p><iframe id=\"player_1\" src=\"https:\/\/www.youtube.com\/embed\/NMjsCEnwfow?feature=oembed&amp;enablejsapi=1&amp;wmode=opaque\" name=\"fitvid0\" height=\"632px\" frameborder=\"0\" allowfullscreen=\"allowfullscreen\"><span data-mce-type=\"bookmark\" class=\"mce_SELRES_start\">\ufeff<\/span><\/iframe><\/p>\n<p>S\u00e4tt fast styrenheten \u00f6verst p\u00e5 v\u00e4vstolen, knyt fast skaften och koppla till datorn, s\u00e5 \u00e4r du f\u00e4rdig att b\u00f6rja v\u00e4va! V\u00e4vm\u00f6nstren utformar du l\u00e4tt med det popul\u00e4ra WeavePoint-v\u00e4vprogrammet, som ocks\u00e5 anv\u00e4nds f\u00f6r styrning av v\u00e5r styrenheter. Alla bindningsalternativ \u00e4r tillg\u00e4ngliga hela tiden, eftersom styrenheten sk\u00f6ter om skaftens h\u00f6jning och s\u00e4nkning. Du anv\u00e4nder endast en pedal f\u00f6r att byta sk\u00e4l. Det beh\u00f6vs ingen muskelstyrka, eftersom styrenhetens motor sk\u00f6ter om sk\u00e4lets \u00f6ppnande.<\/p>\n<p>Du kan v\u00e4lja mellan tre olika s\u00e4tt att v\u00e4va: snabbt, normalt eller l\u00e5ngsamt. Det l\u00e4mpligaste v\u00e4vs\u00e4ttet best\u00e4mmer du sj\u00e4lv enligt det du h\u00e5ller p\u00e5 att v\u00e4va eller det arbetss\u00e4tt du \u00e4r van vid. Eftersom styrenheten b\u00e5de h\u00f6jer och s\u00e4nker skaften, blir sk\u00e4let rymligt. Styrenheten anpassar \u00e4ven sk\u00e4let automatiskt genom att skaftens r\u00f6relse \u00e4r st\u00f6rre ju l\u00e4ngre bort fr\u00e5n v\u00e4varen skaften finns.<\/p>\n<p>Toikas ES-styrenheter finns f\u00f6r styrning av 16, 24 och 32 skaft. Den vanligaste modellen ES16 passar Toikas Liisa-, Eeva- och Jaana-v\u00e4vstolar och m\u00e5nga andra kontramarschv\u00e4vstoler p\u00e5 marknaden. Styrenheten ES24 kr\u00e4ver en specialdjup Liisa-v\u00e4vstol eller en Eeva-v\u00e4vstol, medan styrenheten ES32 passar endast v\u00e5r specialdjupa Liisa-v\u00e4vstol. Passar b\u00e5de 110 V och 230 V.<\/p>\n<p><iframe title=\"Adding Toika computer control to your Scandinavian type loom\" width=\"800\" height=\"450\" src=\"https:\/\/www.youtube.com\/embed\/fKSiCmX9zDo?feature=oembed\" frameborder=\"0\" allow=\"accelerometer; autoplay; clipboard-write; encrypted-media; gyroscope; picture-in-picture; web-share\" referrerpolicy=\"strict-origin-when-cross-origin\" allowfullscreen><\/iframe><\/p>\n<p>&nbsp;<\/p>\n<p><strong>We have already nearly 1000 computer loom customers in more than 30 countries! Here are some comments:<\/strong><\/p>\n<p>\u201cIt is simple. The \u2018box\u2019 that sits on top of the loom, controlling all the shafts \u2013 I \u2018only\u2019 have 24- is an engineering marvel. There are so few moving parts and even though the \u2018slides\u2019 that activate the shafts are metal, they do not produce a harsh sound. There is a \u2018reverse\u2019 button in the cockpit that makes correcting a selvage loop faster and easier than even my 4-shaft CB \u2013 it is genius!\u201d -Kati, USA<\/p>\n<p>\u201cThe loom is working like a dream, I am very happy with my purchase! If anyone asks where to buy a loom I will recommend you.\u201d -Sarah, Great Britain<\/p>\n<p>\u201cThe ability to switch to tabby weave is so very useful at either end of each piece too. There\u2019s much more I could say but I\u2019m sure you\u2019ve heard it all before from other happy customers.\u201d -Carolyn, Great Britain<\/p>\n<p>\u201cI\u2019ve been weaving lots on my Liisa loom, I\u2019m very happy with it!\u201d -Laura, Great Britain<\/p>\n<p>\u201cSuper smoothly! am totally happy with it. I have recommended it many times.\u201d -Catarina, Great Britain<\/p>\n<p>\u201cOh we got so many beautiful patterns to weave now)))\u201d -Olga, Belarus<\/p>\n<p>\u201cLots of the woven fabrics and designs out of my workshop require the use of my computer assist loom from Toika. The work with this loom influenced my professional career peculiar positive. Thank you very much for the longtime reliable cooperation to Jukka Yrj\u00f6l\u00e4 from Toika.\u201d -Lucia, Germany<\/p>\n<p>Today I\u2019m very happy. \ud83d\ude42<br \/>\nMy parcel arrived.<br \/>\nThank you very much for your help!<br \/>\nI was very pleased to communicate with you!<br \/>\nAnd in the parcel everything is very neatly packed.<br \/>\nThere were pleasant impressions from work with you. -Irina, Ukraine<\/p>\n<p>ES-datorstyrenhetens montering p\u00e5 en v\u00e4vstol<\/p>\n<p>Framifr\u00e5n<br \/>\n<img decoding=\"async\" class=\"alignnone size-medium wp-image-3829\" src=\"https:\/\/toika.sapartners.site\/wp-content\/uploads\/2023\/04\/es_mounting_front2_small_sv-1-min.png\" alt=\"\" width=\"100%\" height=\"100%\" srcset=\"https:\/\/www.toika.com\/wp-content\/uploads\/2023\/04\/es_mounting_front2_small_sv-1-min.png 855w, https:\/\/www.toika.com\/wp-content\/uploads\/2023\/04\/es_mounting_front2_small_sv-1-min-300x150.png 300w, https:\/\/www.toika.com\/wp-content\/uploads\/2023\/04\/es_mounting_front2_small_sv-1-min-768x384.png 768w, https:\/\/www.toika.com\/wp-content\/uploads\/2023\/04\/es_mounting_front2_small_sv-1-min-600x300.png 600w\" sizes=\"(max-width: 855px) 100vw, 855px\" \/><\/p>\n<p>Fr\u00e5n sidan<\/p>\n<p>Styrenheternas djup varierar med antalet skaft (16, 24 eller 32 skaft).<br \/>\n<img decoding=\"async\" class=\"alignnone size-medium wp-image-3834\" src=\"https:\/\/toika.sapartners.site\/wp-content\/uploads\/2023\/04\/es_mounting_side3_small-min-1.png\" alt=\"\" width=\"100%\" height=\"100%\" srcset=\"https:\/\/www.toika.com\/wp-content\/uploads\/2023\/04\/es_mounting_side3_small-min-1.png 805w, https:\/\/www.toika.com\/wp-content\/uploads\/2023\/04\/es_mounting_side3_small-min-1-300x72.png 300w, https:\/\/www.toika.com\/wp-content\/uploads\/2023\/04\/es_mounting_side3_small-min-1-768x185.png 768w, https:\/\/www.toika.com\/wp-content\/uploads\/2023\/04\/es_mounting_side3_small-min-1-600x145.png 600w\" sizes=\"(max-width: 805px) 100vw, 805px\" \/><\/p>\n<p>Be om en offert eller till\u00e4ggsuppgifter!<\/p>\n\n<div class=\"wpcf7 no-js\" id=\"wpcf7-f6104-o1\" lang=\"fi\" dir=\"ltr\" data-wpcf7-id=\"6104\">\n<div class=\"screen-reader-response\"><p role=\"status\" aria-live=\"polite\" aria-atomic=\"true\"><\/p> <ul><\/ul><\/div>\n<form action=\"\/sv\/wp-json\/wp\/v2\/product\/2697#wpcf7-f6104-o1\" method=\"post\" class=\"wpcf7-form init\" aria-label=\"Yhteydenottolomake\" novalidate=\"novalidate\" data-status=\"init\">\n<fieldset class=\"hidden-fields-container\"><input type=\"hidden\" name=\"_wpcf7\" value=\"6104\" \/><input type=\"hidden\" name=\"_wpcf7_version\" value=\"6.1.5\" \/><input type=\"hidden\" name=\"_wpcf7_locale\" value=\"fi\" \/><input type=\"hidden\" name=\"_wpcf7_unit_tag\" value=\"wpcf7-f6104-o1\" \/><input type=\"hidden\" name=\"_wpcf7_container_post\" value=\"0\" \/><input type=\"hidden\" name=\"_wpcf7_posted_data_hash\" value=\"\" \/>\n<\/fieldset>\n<p><label> Namn<br \/>\n<span class=\"wpcf7-form-control-wrap\" data-name=\"your-name\"><input size=\"40\" maxlength=\"400\" class=\"wpcf7-form-control wpcf7-text wpcf7-validates-as-required\" autocomplete=\"name\" aria-required=\"true\" aria-invalid=\"false\" value=\"\" type=\"text\" name=\"your-name\" \/><\/span> <\/label>\n<\/p>\n<p><label> E-post<br \/>\n<span class=\"wpcf7-form-control-wrap\" data-name=\"your-email\"><input size=\"40\" maxlength=\"400\" class=\"wpcf7-form-control wpcf7-email wpcf7-validates-as-required wpcf7-text wpcf7-validates-as-email\" autocomplete=\"email\" aria-required=\"true\" aria-invalid=\"false\" value=\"\" type=\"email\" name=\"your-email\" \/><\/span> <\/label>\n<\/p>\n<p><label> Stad<br \/>\n<span class=\"wpcf7-form-control-wrap\" data-name=\"text-kaupunki\"><input size=\"40\" maxlength=\"400\" class=\"wpcf7-form-control wpcf7-text\" aria-invalid=\"false\" value=\"\" type=\"text\" name=\"text-kaupunki\" \/><\/span> <\/label>\n<\/p>\n<p><label> Skaft<br \/>\n<span class=\"wpcf7-form-control-wrap\" data-name=\"select-varret\"><select class=\"wpcf7-form-control wpcf7-select\" aria-invalid=\"false\" name=\"select-varret\"><option value=\"ES16\">ES16<\/option><option value=\"ES24\">ES24<\/option><option value=\"ES32\">ES32<\/option><\/select><\/span><\/label>\n<\/p>\n<p><label> Meddelande<br \/>\n<span class=\"wpcf7-form-control-wrap\" data-name=\"textarea-viesti\"><textarea cols=\"40\" rows=\"10\" maxlength=\"2000\" class=\"wpcf7-form-control wpcf7-textarea\" aria-invalid=\"false\" name=\"textarea-viesti\"><\/textarea><\/span><\/label>\n<\/p>\n<p><input class=\"wpcf7-form-control wpcf7-submit has-spinner\" type=\"submit\" value=\"Skicka\" \/>\n<\/p><div class=\"wpcf7-response-output\" aria-hidden=\"true\"><\/div>\n<\/form>\n<\/div>\n\n","protected":false},"excerpt":{"rendered":"<p>Toika on valmistanut tietokoneohjattuja kangaspuita jo 1980-luvulta l\u00e4htien. Joko uusiin tai vanhoihin vipukangaspuihin liitett\u00e4vist\u00e4 kudontaboxeista on tullut todella suosittuja toimintavarmuutensa, n\u00e4pp\u00e4ryytens\u00e4 ja monipuolisuutensa johdosta.<\/p>\n<p>Kiinnit\u00e4 boxi kangaspuiden orsiin, sido niisivarret laitteeseen, kytke se mikrotietokoneeseen ja aloita kudonta. Kudontamallisi suunnittelet ja toteutat helposti WeavePoint -ohjelmalla. Kaikki sidosvaihtoehdot ovat k\u00e4yt\u00f6ss\u00e4si koko ajan. Laite tekee itse tarvittavat sidonnat. K\u00e4yt\u00f6ss\u00e4si on vain yksi pedaali, jota painamalla viri\u00f6 vaihtuu. Kudontaboxissa oleva moottori huolehtii viri\u00f6n aukaisusta, joten poljentavoimaa ei tarvita.<\/p>\n<p>Voit helposti valita kolmen eri kudontatavan v\u00e4lilt\u00e4: nopea, normaali ja hidas. Kudottava ty\u00f6 ja kutojan tottumukset ratkaisevat, mik\u00e4 vaihtoehto kulloinkin on sopivin. Boxien liike on kaksisuuntainen, mik\u00e4 avartaa viri\u00f6t\u00e4. Lis\u00e4ksi Toika -kudontaboxit tasaavat viri\u00f6t\u00e4 automaattisesti, sill\u00e4 kutojasta kauempana olevien varsien liike on suurempi kuin l\u00e4hemp\u00e4n\u00e4 olevien.<\/p>\n<p>Toika kudontaboxeja on saatavissa 16, 24 tai 32 varren ohjaukseen. Yleisin malli ES16 soveltuu Toikan Liisa-, Eeva- ja Jaana-kangaspuihin ja moniin muihinkin vipukangaspuihin lis\u00e4laitteeksi. ES24 edellytt\u00e4\u00e4 erikoismallisia Liisa-kangaspuita tai Eeva-kangaspuita. ES32 soveltuu erikoismallisiin Liisa- tai Eeva-kangaspuihin. Sopii sek\u00e4 110 V ett\u00e4 230 V.<\/p>\n","protected":false},"featured_media":4236,"comment_status":"open","ping_status":"closed","template":"","meta":{"_acf_changed":false,"inline_featured_image":false},"product_brand":[],"product_cat":[100,118,122],"product_tag":[],"class_list":{"0":"post-2697","1":"product","2":"type-product","3":"status-publish","4":"has-post-thumbnail","6":"product_cat-hantverk","7":"product_cat-vavning","8":"product_cat-vavstolar","10":"first","11":"instock","12":"shipping-taxable","13":"product-type-simple"},"acf":[],"_links":{"self":[{"href":"https:\/\/www.toika.com\/sv\/wp-json\/wp\/v2\/product\/2697","targetHints":{"allow":["GET"]}}],"collection":[{"href":"https:\/\/www.toika.com\/sv\/wp-json\/wp\/v2\/product"}],"about":[{"href":"https:\/\/www.toika.com\/sv\/wp-json\/wp\/v2\/types\/product"}],"replies":[{"embeddable":true,"href":"https:\/\/www.toika.com\/sv\/wp-json\/wp\/v2\/comments?post=2697"}],"wp:featuredmedia":[{"embeddable":true,"href":"https:\/\/www.toika.com\/sv\/wp-json\/wp\/v2\/media\/4236"}],"wp:attachment":[{"href":"https:\/\/www.toika.com\/sv\/wp-json\/wp\/v2\/media?parent=2697"}],"wp:term":[{"taxonomy":"product_brand","embeddable":true,"href":"https:\/\/www.toika.com\/sv\/wp-json\/wp\/v2\/product_brand?post=2697"},{"taxonomy":"product_cat","embeddable":true,"href":"https:\/\/www.toika.com\/sv\/wp-json\/wp\/v2\/product_cat?post=2697"},{"taxonomy":"product_tag","embeddable":true,"href":"https:\/\/www.toika.com\/sv\/wp-json\/wp\/v2\/product_tag?post=2697"}],"curies":[{"name":"wp","href":"https:\/\/api.w.org\/{rel}","templated":true}]}}