{"id":2701,"date":"2023-04-13T07:59:59","date_gmt":"2023-04-13T07:59:59","guid":{"rendered":"https:\/\/toika.sapartners.site\/product\/eeva-kangaspuut\/"},"modified":"2024-11-27T19:28:54","modified_gmt":"2024-11-27T19:28:54","slug":"eeva-kangaspuut","status":"publish","type":"product","link":"https:\/\/www.toika.com\/sv\/produkt\/eeva-kangaspuut\/","title":{"rendered":"Eeva-kangaspuut"},"content":{"rendered":"<p>Eeva-kangaspuut toimitetaan normaalisti vipupuina. Eevaan voit valita joko ala- tai yl\u00e4luhan. Yl\u00e4luha voidaan s\u00e4\u00e4t\u00e4\u00e4 sek\u00e4 vaaka- ett\u00e4 pystysuunnassa ja se on tasapainotettu niin, ett\u00e4 se nojaa taaksep\u00e4in, mik\u00e4 pident\u00e4\u00e4 kudontav\u00e4li\u00e4. Sivupuut on valmiiksi koottu, mik\u00e4 tekee puista eritt\u00e4in tukevat. Kiilojen ansiosta puut on helppo koota ja purkaa. Selk\u00e4puun korkeus on s\u00e4\u00e4dett\u00e4viss\u00e4. Polvi-, selk\u00e4- ja rintapuut ovat kaikki samanlaisia ja kesken\u00e4\u00e4n vaihdettavissa. Py\u00f6ristyksen ansiosta ne ovat hell\u00e4varaisia kankaille ja langoille.<\/p>\n<p>Eeva-kangaspuiden loimitukki on kannattimineen helppo irrottaa kangaspuita purkamatta. T\u00e4m\u00e4 tulee esimerkiksi kysymykseen, kun halutaan tallettaa tukilla oleva loimi v\u00e4h\u00e4ll\u00e4 vaivalla my\u00f6hemp\u00e4\u00e4 k\u00e4ytt\u00f6\u00e4 varten.<\/p>\n<p>Mukaan kuuluu Liisa-jakkara, kumisuojat jalkojen alle sek\u00e4 nuija kiilojen kiristykseen. Yl\u00e4orressa olevaan korkkilevyyn voit nuppineuloilla kiinnitt\u00e4\u00e4 ty\u00f6ohjeen ja k\u00e4tev\u00e4 saksiteline pit\u00e4\u00e4 sakset saatavilla. Eeva-kangaspuihin saat lis\u00e4laitteena portaattomasti toimivan kierrehammaspy\u00f6r\u00e4laitteen loimen laskuun. Kierrehammaspy\u00f6r\u00e4laite mahdollistaa loimen p\u00e4\u00e4st\u00e4misen jakkaralta nousematta. Eeva-kangaspuihin voit liitt\u00e4\u00e4 mm. tietokoneohjauksen, kaksoisloimitukin ja heittosukkulalaitteen.<\/p>\n<p><u>Tekniset tiedot<\/u><br \/>\nVipukangaspuut, saatavana my\u00f6s py\u00f6r\u00e4sill\u00e4<br \/>\nTy\u00f6leveydet: 80, 100, 120 ja 150 cm<br \/>\nVarsim\u00e4\u00e4r\u00e4t: 4, 8, 12 sek\u00e4 tilauksesta 16 kpl<br \/>\nPolkusm\u00e4\u00e4r\u00e4t: Polkusm\u00e4\u00e4r\u00e4 on normaalisti sama kuin varsim\u00e4\u00e4r\u00e4.Poikkeava polkusm\u00e4\u00e4r\u00e4 on my\u00f6s mahdollinen.<\/p>\n<p><u>Ulottuvuudet ja paino<\/u><\/p>\n<div>\n<table border=\"0\" align=\"left\">\n<tbody>\n<tr>\n<td><strong>Ty\u00f6leveys <\/strong><\/td>\n<td><strong>Kokonaisleveys <\/strong><\/td>\n<td><strong>Paino<\/strong><\/td>\n<\/tr>\n<tr>\n<td>80 cm<\/td>\n<td>117 cm<\/td>\n<td>100 kg<\/td>\n<\/tr>\n<tr>\n<td>100 cm<\/td>\n<td>137 cm<\/td>\n<td>110 kg<\/td>\n<\/tr>\n<tr>\n<td>120 cm<\/td>\n<td>157 cm<\/td>\n<td>120 kg<\/td>\n<\/tr>\n<tr>\n<td>150 cm<\/td>\n<td>187 cm<\/td>\n<td>130 kg<\/td>\n<\/tr>\n<tr>\n<td><strong>Korkeus<\/strong><\/td>\n<td><strong>Syvyys<\/strong><\/td>\n<td><strong>Syvyys jakkaran kanssa<\/strong><\/td>\n<\/tr>\n<tr>\n<td>170 cm<\/td>\n<td>150 cm<\/td>\n<td>185 cm<\/td>\n<\/tr>\n<\/tbody>\n<\/table>\n<\/div>\n<p><a href=\"https:\/\/kauppa.toika.com\/category\/16\/eeva-kangaspuut\" target=\"_blank\" rel=\"noopener\"><strong>Tutustu Eeva-kangaspuuhun verkkokaupassamme!<\/strong><\/a><\/p>\n<p>Pyyd\u00e4 tarjous tai kysy tuotteesta!<\/p>\n\n<div class=\"wpcf7 no-js\" id=\"wpcf7-f759-o1\" lang=\"en-US\" dir=\"ltr\" data-wpcf7-id=\"759\">\n<div class=\"screen-reader-response\"><p role=\"status\" aria-live=\"polite\" aria-atomic=\"true\"><\/p> <ul><\/ul><\/div>\n<form action=\"\/sv\/wp-json\/wp\/v2\/product\/2701#wpcf7-f759-o1\" method=\"post\" class=\"wpcf7-form init\" aria-label=\"Contact form\" novalidate=\"novalidate\" data-status=\"init\">\n<fieldset class=\"hidden-fields-container\"><input type=\"hidden\" name=\"_wpcf7\" value=\"759\" \/><input type=\"hidden\" name=\"_wpcf7_version\" value=\"6.1.5\" \/><input type=\"hidden\" name=\"_wpcf7_locale\" value=\"en_US\" \/><input type=\"hidden\" name=\"_wpcf7_unit_tag\" value=\"wpcf7-f759-o1\" \/><input type=\"hidden\" name=\"_wpcf7_container_post\" value=\"0\" \/><input type=\"hidden\" name=\"_wpcf7_posted_data_hash\" value=\"\" \/>\n<\/fieldset>\n<p><label> Nimi<br \/>\n<span class=\"wpcf7-form-control-wrap\" data-name=\"your-name\"><input size=\"40\" maxlength=\"400\" class=\"wpcf7-form-control wpcf7-text wpcf7-validates-as-required\" autocomplete=\"name\" aria-required=\"true\" aria-invalid=\"false\" value=\"\" type=\"text\" name=\"your-name\" \/><\/span> <\/label>\n<\/p>\n<p><label> S\u00e4hk\u00f6posti<br \/>\n<span class=\"wpcf7-form-control-wrap\" data-name=\"your-email\"><input size=\"40\" maxlength=\"400\" class=\"wpcf7-form-control wpcf7-email wpcf7-validates-as-required wpcf7-text wpcf7-validates-as-email\" autocomplete=\"email\" aria-required=\"true\" aria-invalid=\"false\" value=\"\" type=\"email\" name=\"your-email\" \/><\/span> <\/label>\n<\/p>\n<p><label> Kaupunki ja postinumero<br \/>\n<span class=\"wpcf7-form-control-wrap\" data-name=\"text-706\"><input size=\"40\" maxlength=\"400\" class=\"wpcf7-form-control wpcf7-text\" aria-invalid=\"false\" value=\"\" type=\"text\" name=\"text-706\" \/><\/span> <\/label>\n<\/p>\n<p><label> Kudontaleveys<br \/>\n<span class=\"wpcf7-form-control-wrap\" data-name=\"menu-235\"><select class=\"wpcf7-form-control wpcf7-select\" aria-invalid=\"false\" name=\"menu-235\"><option value=\"80 cm\">80 cm<\/option><option value=\"100 cm\">100 cm<\/option><option value=\"120 cm\">120 cm<\/option><option value=\"150 cm\">150 cm<\/option><\/select><\/span> <\/label>\n<\/p>\n<p><label> Varret<br \/>\n<span class=\"wpcf7-form-control-wrap\" data-name=\"menu-12\"><select class=\"wpcf7-form-control wpcf7-select\" aria-invalid=\"false\" name=\"menu-12\"><option value=\"Tietokoneohjaus - ES16\">Tietokoneohjaus - ES16<\/option><option value=\"Tietokoneohjaus - ES24\">Tietokoneohjaus - ES24<\/option><option value=\"Tietokoneohjaus - ES32\">Tietokoneohjaus - ES32<\/option><option value=\"Perinteinen - 4 vartta\">Perinteinen - 4 vartta<\/option><option value=\"Perinteinen - 8 vartta\">Perinteinen - 8 vartta<\/option><option value=\"Perinteinen - 16 vartta\">Perinteinen - 16 vartta<\/option><\/select><\/span><\/label>\n<\/p>\n<p><label> Viesti<br \/>\n<span class=\"wpcf7-form-control-wrap\" data-name=\"textarea-254\"><textarea cols=\"40\" rows=\"10\" maxlength=\"2000\" class=\"wpcf7-form-control wpcf7-textarea\" aria-invalid=\"false\" name=\"textarea-254\"><\/textarea><\/span><\/label>\n<\/p>\n<p><input class=\"wpcf7-form-control wpcf7-submit has-spinner\" type=\"submit\" value=\"L\u00e4het\u00e4\" \/>\n<\/p><div class=\"wpcf7-response-output\" aria-hidden=\"true\"><\/div>\n<\/form>\n<\/div>\n\n","protected":false},"excerpt":{"rendered":"<p>EEVA-kangaspuut edustavat skandinaavista kudontaperinnett\u00e4. Ne tunnistaa sivupuissa olevasta isosta oviaukosta, josta on helppo menn\u00e4 kangaspuiden sis\u00e4lle sitomaan ny\u00f6rej\u00e4. Kuten Liisa-kangaspuutkin Eevat sopivat kaikenlaiseen kudontaan keveist\u00e4 kudonnaisista mattoihin.<\/p>\n","protected":false},"featured_media":2030,"comment_status":"open","ping_status":"closed","template":"","meta":{"_acf_changed":false,"inline_featured_image":false},"product_brand":[],"product_cat":[100,122],"product_tag":[],"class_list":{"0":"post-2701","1":"product","2":"type-product","3":"status-publish","4":"has-post-thumbnail","6":"product_cat-hantverk","7":"product_cat-vavstolar","9":"first","10":"instock","11":"shipping-taxable","12":"product-type-simple"},"acf":[],"_links":{"self":[{"href":"https:\/\/www.toika.com\/sv\/wp-json\/wp\/v2\/product\/2701","targetHints":{"allow":["GET"]}}],"collection":[{"href":"https:\/\/www.toika.com\/sv\/wp-json\/wp\/v2\/product"}],"about":[{"href":"https:\/\/www.toika.com\/sv\/wp-json\/wp\/v2\/types\/product"}],"replies":[{"embeddable":true,"href":"https:\/\/www.toika.com\/sv\/wp-json\/wp\/v2\/comments?post=2701"}],"wp:featuredmedia":[{"embeddable":true,"href":"https:\/\/www.toika.com\/sv\/wp-json\/wp\/v2\/media\/2030"}],"wp:attachment":[{"href":"https:\/\/www.toika.com\/sv\/wp-json\/wp\/v2\/media?parent=2701"}],"wp:term":[{"taxonomy":"product_brand","embeddable":true,"href":"https:\/\/www.toika.com\/sv\/wp-json\/wp\/v2\/product_brand?post=2701"},{"taxonomy":"product_cat","embeddable":true,"href":"https:\/\/www.toika.com\/sv\/wp-json\/wp\/v2\/product_cat?post=2701"},{"taxonomy":"product_tag","embeddable":true,"href":"https:\/\/www.toika.com\/sv\/wp-json\/wp\/v2\/product_tag?post=2701"}],"curies":[{"name":"wp","href":"https:\/\/api.w.org\/{rel}","templated":true}]}}