{"id":2705,"date":"2023-04-12T12:25:29","date_gmt":"2023-04-12T12:25:29","guid":{"rendered":"https:\/\/toika.sapartners.site\/product\/anni-tyopajapuut\/"},"modified":"2024-11-27T16:17:24","modified_gmt":"2024-11-27T16:17:24","slug":"anni-tyopajapuut","status":"publish","type":"product","link":"https:\/\/www.toika.com\/sv\/produkt\/anni-tyopajapuut\/","title":{"rendered":"Anni-ty\u00f6pajapuut"},"content":{"rendered":"<p>Helppok\u00e4ytt\u00f6iset Anni-ty\u00f6pajapuut sopivat hyvin ensimm\u00e4isiksi puiksi! Niill\u00e4 kudot monenlaisia kevyit\u00e4 tekstiilej\u00e4. Ne taittuvat kasaan ja mahtuvat pieneen tilaan. Takajalkojen py\u00f6rien avulla kuljettaminen onnistuu n\u00e4pp\u00e4r\u00e4sti. Ty\u00f6apajapuissa k\u00e4ytet\u00e4\u00e4n tavallisia 28 cm pitki\u00e4 nailonniisi\u00e4. Sidonnan teet helposti kahdella ny\u00f6rill\u00e4 yhdist\u00e4m\u00e4ll\u00e4 vartaistot polkusiin.<\/p>\n<div style=\"width: 550px;\" class=\"wp-video\"><video class=\"wp-video-shortcode\" id=\"video-2705-1\" width=\"550\" height=\"360\" preload=\"metadata\" controls=\"controls\"><source type=\"video\/mp4\" src=\"https:\/\/www.toika.com\/wp-content\/uploads\/2023\/04\/Y2Mate.is-Anni-tyopajapuiden-kudontakuntoon-laittaminen-3mOU-CqySI-360p-1655133982108.mp4?_=1\" \/><a href=\"https:\/\/www.toika.com\/wp-content\/uploads\/2023\/04\/Y2Mate.is-Anni-tyopajapuiden-kudontakuntoon-laittaminen-3mOU-CqySI-360p-1655133982108.mp4\">https:\/\/www.toika.com\/wp-content\/uploads\/2023\/04\/Y2Mate.is-Anni-tyopajapuiden-kudontakuntoon-laittaminen-3mOU-CqySI-360p-1655133982108.mp4<\/a><\/video><\/div>\n<h2><\/h2>\n<p><a href=\"https:\/\/kauppa.toika.com\/product\/2399\/anni-tyopajakangaspuu-55-cm--2-vartta\" target=\"_blank\" rel=\"noopener\"><strong>Tutustu Anni-ty\u00f6pajakangaspuuhun verkkokaupassamme!<\/strong><\/a><\/p>\n<h2>Tekniset tiedot<\/h2>\n<p>Vipukangaspuut<br \/>\nTy\u00f6leveys; 55 cm<br \/>\nVarsim\u00e4\u00e4r\u00e4: 2<br \/>\nPolkusm\u00e4\u00e4r\u00e4: 2<br \/>\nKorkeus: 108 cm<br \/>\nKorkeus kasassa: 120 cm<br \/>\nSyvyys: 83 cm<br \/>\nSyvyys kasassa: 32 cm<br \/>\nPaino: 16 kg<\/p>\n","protected":false},"excerpt":{"rendered":"<p>Helppok\u00e4ytt\u00f6iset Anni-ty\u00f6pajapuut sopivat hyvin ensimm\u00e4isiksi puiksi! Niill\u00e4 kudot monenlaisia kevyit\u00e4 tekstiilej\u00e4. Ne taittuvat kasaan ja mahtuvat pieneen tilaan. Takajalkojen py\u00f6rien avulla kuljettaminen onnistuu n\u00e4pp\u00e4r\u00e4sti. Ty\u00f6apajapuissa k\u00e4ytet\u00e4\u00e4n tavallisia 28 cm pitki\u00e4 nailonniisi\u00e4. Sidonnan teet helposti kahdella ny\u00f6rill\u00e4 yhdist\u00e4m\u00e4ll\u00e4 vartaistot polkusiin. Tutustu Anni-ty\u00f6pajakangaspuuhun verkkokaupassamme! Tekniset tiedot Vipukangaspuut Ty\u00f6leveys; 55 cm Varsim\u00e4\u00e4r\u00e4: 2 Polkusm\u00e4\u00e4r\u00e4: 2 Korkeus: 108 cm [&hellip;]<\/p>\n","protected":false},"featured_media":2014,"comment_status":"open","ping_status":"closed","template":"","meta":{"_acf_changed":false,"inline_featured_image":false},"product_brand":[],"product_cat":[100,122],"product_tag":[],"class_list":{"0":"post-2705","1":"product","2":"type-product","3":"status-publish","4":"has-post-thumbnail","6":"product_cat-hantverk","7":"product_cat-vavstolar","9":"first","10":"instock","11":"shipping-taxable","12":"product-type-simple"},"acf":[],"_links":{"self":[{"href":"https:\/\/www.toika.com\/sv\/wp-json\/wp\/v2\/product\/2705","targetHints":{"allow":["GET"]}}],"collection":[{"href":"https:\/\/www.toika.com\/sv\/wp-json\/wp\/v2\/product"}],"about":[{"href":"https:\/\/www.toika.com\/sv\/wp-json\/wp\/v2\/types\/product"}],"replies":[{"embeddable":true,"href":"https:\/\/www.toika.com\/sv\/wp-json\/wp\/v2\/comments?post=2705"}],"wp:featuredmedia":[{"embeddable":true,"href":"https:\/\/www.toika.com\/sv\/wp-json\/wp\/v2\/media\/2014"}],"wp:attachment":[{"href":"https:\/\/www.toika.com\/sv\/wp-json\/wp\/v2\/media?parent=2705"}],"wp:term":[{"taxonomy":"product_brand","embeddable":true,"href":"https:\/\/www.toika.com\/sv\/wp-json\/wp\/v2\/product_brand?post=2705"},{"taxonomy":"product_cat","embeddable":true,"href":"https:\/\/www.toika.com\/sv\/wp-json\/wp\/v2\/product_cat?post=2705"},{"taxonomy":"product_tag","embeddable":true,"href":"https:\/\/www.toika.com\/sv\/wp-json\/wp\/v2\/product_tag?post=2705"}],"curies":[{"name":"wp","href":"https:\/\/api.w.org\/{rel}","templated":true}]}}