{"id":2733,"date":"2023-04-12T11:52:48","date_gmt":"2023-04-12T11:52:48","guid":{"rendered":"https:\/\/toika.sapartners.site\/product\/seisomatyopiste-tk753\/"},"modified":"2024-10-17T05:45:29","modified_gmt":"2024-10-17T05:45:29","slug":"seisomatyopiste-tk753","status":"publish","type":"product","link":"https:\/\/www.toika.com\/sv\/produkt\/seisomatyopiste-tk753\/","title":{"rendered":"Seisomaty\u00f6piste TK753"},"content":{"rendered":"<p>Kaunis ja kest\u00e4v\u00e4 seisomaty\u00f6piste TK753 monenlaiseen k\u00e4ytt\u00f6\u00f6n.<br \/>\nKansi korkeapainelaminaattia, heti varastosta sinisell\u00e4 ja punaisella kannella. Ylin laatikko lukollinen. Lakattua massiivikoivua, lukittavat etupy\u00f6r\u00e4t.<\/p>\n<p>(L x S x K): 70 \u00d7 60 \u00d7 98 cm<\/p>\n<p><strong>Toikan v\u00e4rimallisto<\/strong><\/p>\n<p>Valitse halutessasi tyylik\u00e4s ja kest\u00e4v\u00e4 korkeapainelaminaatti kannelle sek\u00e4 laatikoiden etusarjoille.<\/p>\n<p><img fetchpriority=\"high\" decoding=\"async\" class=\"alignnone wp-image-3987 size-full\" src=\"https:\/\/www.toika.com\/wp-content\/uploads\/2023\/04\/vakiovarit24.png\" alt=\"\" width=\"965\" height=\"431\" srcset=\"https:\/\/www.toika.com\/wp-content\/uploads\/2023\/04\/vakiovarit24.png 965w, https:\/\/www.toika.com\/wp-content\/uploads\/2023\/04\/vakiovarit24-300x134.png 300w, https:\/\/www.toika.com\/wp-content\/uploads\/2023\/04\/vakiovarit24-768x343.png 768w, https:\/\/www.toika.com\/wp-content\/uploads\/2023\/04\/vakiovarit24-600x268.png 600w\" sizes=\"(max-width: 965px) 100vw, 965px\" \/><\/p>\n","protected":false},"excerpt":{"rendered":"<p>Kaunis ja kest\u00e4v\u00e4 seisomaty\u00f6piste TK753 monenlaiseen k\u00e4ytt\u00f6\u00f6n. Kansi korkeapainelaminaattia, heti varastosta sinisell\u00e4 ja punaisella kannella. Ylin laatikko lukollinen. Lakattua massiivikoivua, lukittavat etupy\u00f6r\u00e4t. (L x S x K): 70 \u00d7 60 \u00d7 98 cm Toikan v\u00e4rimallisto Valitse halutessasi tyylik\u00e4s ja kest\u00e4v\u00e4 korkeapainelaminaatti kannelle sek\u00e4 laatikoiden etusarjoille.<\/p>\n","protected":false},"featured_media":1950,"comment_status":"open","ping_status":"closed","template":"","meta":{"_acf_changed":false,"inline_featured_image":false},"product_brand":[],"product_cat":[133,138,146],"product_tag":[],"class_list":{"0":"post-2733","1":"product","2":"type-product","3":"status-publish","4":"has-post-thumbnail","6":"product_cat-kalusteet-sv","7":"product_cat-muut-kalusteet-sv","8":"product_cat-tuolit-ja-poydat-sv","10":"first","11":"instock","12":"shipping-taxable","13":"product-type-simple"},"acf":[],"_links":{"self":[{"href":"https:\/\/www.toika.com\/sv\/wp-json\/wp\/v2\/product\/2733","targetHints":{"allow":["GET"]}}],"collection":[{"href":"https:\/\/www.toika.com\/sv\/wp-json\/wp\/v2\/product"}],"about":[{"href":"https:\/\/www.toika.com\/sv\/wp-json\/wp\/v2\/types\/product"}],"replies":[{"embeddable":true,"href":"https:\/\/www.toika.com\/sv\/wp-json\/wp\/v2\/comments?post=2733"}],"wp:featuredmedia":[{"embeddable":true,"href":"https:\/\/www.toika.com\/sv\/wp-json\/wp\/v2\/media\/1950"}],"wp:attachment":[{"href":"https:\/\/www.toika.com\/sv\/wp-json\/wp\/v2\/media?parent=2733"}],"wp:term":[{"taxonomy":"product_brand","embeddable":true,"href":"https:\/\/www.toika.com\/sv\/wp-json\/wp\/v2\/product_brand?post=2733"},{"taxonomy":"product_cat","embeddable":true,"href":"https:\/\/www.toika.com\/sv\/wp-json\/wp\/v2\/product_cat?post=2733"},{"taxonomy":"product_tag","embeddable":true,"href":"https:\/\/www.toika.com\/sv\/wp-json\/wp\/v2\/product_tag?post=2733"}],"curies":[{"name":"wp","href":"https:\/\/api.w.org\/{rel}","templated":true}]}}