{"id":2741,"date":"2023-04-12T11:46:00","date_gmt":"2023-04-12T11:46:00","guid":{"rendered":"https:\/\/toika.sapartners.site\/product\/sahkopoydat-tk722-tk723\/"},"modified":"2024-10-17T05:44:52","modified_gmt":"2024-10-17T05:44:52","slug":"sahkopoydat-tk722-tk723","status":"publish","type":"product","link":"https:\/\/www.toika.com\/sv\/produkt\/sahkopoydat-tk722-tk723\/","title":{"rendered":"S\u00e4hk\u00f6p\u00f6yd\u00e4t TK722-TK723"},"content":{"rendered":"<p>Toikan helposti s\u00e4\u00e4dett\u00e4v\u00e4t s\u00e4hk\u00f6p\u00f6yd\u00e4t ovat suunniteltu julkisiin tiloihin kuten p\u00e4iv\u00e4koteihin sek\u00e4 toimistoihin. Ty\u00f6skentely n\u00e4ill\u00e4 kauniilla ja k\u00e4yt\u00e4nn\u00f6llisill\u00e4 kalusteilla on ergonomista ja mukavaa. P\u00f6yd\u00e4nkulmien py\u00f6ristyksien ansiosta p\u00f6yt\u00e4 on ideaali p\u00e4iv\u00e4kotiymp\u00e4rist\u00f6\u00f6n.<\/p>\n<p><strong>Korkeuss\u00e4\u00e4dett\u00e4v\u00e4 suunnittelup\u00f6yt\u00e4 TK722<\/strong><\/p>\n<p>(L x S x K): 1280 \u00d7 700 \u00d7 700-1200 mm<\/p>\n<p><strong>Korkeuss\u00e4\u00e4dett\u00e4v\u00e4 johtajanp\u00f6yt\u00e4 TK723<\/strong><\/p>\n<p>(L x S x K): 1800 \u00d7 800 \u00d7 700-1200 mm<\/p>\n<p>P\u00f6yd\u00e4t ovat lakattua massiivikoivua tai korkeapainelaminaattia. Kansiin on saatavana my\u00f6s \u00e4\u00e4nt\u00e4 vaimentava pinnoite.<\/p>\n<p>P\u00f6ytiin on saatavana lis\u00e4varusteena etu- ja sivulevyt sek\u00e4 muistipaikkainen ohjain.<\/p>\n<p><strong>Toikan v\u00e4rimallisto<\/strong><\/p>\n<p>Voit halutessasi valita kanneksi lakatun massiivikoivun sijaan:<\/p>\n<p>A) Korkeapainelaminaattia<\/p>\n<p><img fetchpriority=\"high\" decoding=\"async\" class=\"alignnone wp-image-3987 size-full\" src=\"https:\/\/www.toika.com\/wp-content\/uploads\/2023\/04\/vakiovarit24.png\" alt=\"\" width=\"965\" height=\"431\" srcset=\"https:\/\/www.toika.com\/wp-content\/uploads\/2023\/04\/vakiovarit24.png 965w, https:\/\/www.toika.com\/wp-content\/uploads\/2023\/04\/vakiovarit24-300x134.png 300w, https:\/\/www.toika.com\/wp-content\/uploads\/2023\/04\/vakiovarit24-768x343.png 768w, https:\/\/www.toika.com\/wp-content\/uploads\/2023\/04\/vakiovarit24-600x268.png 600w\" sizes=\"(max-width: 965px) 100vw, 965px\" \/><\/p>\n<p>B) \u00c4\u00e4nt\u00e4 vaimentavaa pinnoitetta<\/p>\n<p><img decoding=\"async\" src=\"https:\/\/toika.sapartners.site\/wp-content\/uploads\/2023\/04\/varimallisto_aanta_vaimentava1001-min-1.png\" alt=\"\" \/><\/p>\n","protected":false},"excerpt":{"rendered":"<p>Toikan helposti s\u00e4\u00e4dett\u00e4v\u00e4t s\u00e4hk\u00f6p\u00f6yd\u00e4t ovat suunniteltu julkisiin tiloihin kuten p\u00e4iv\u00e4koteihin sek\u00e4 toimistoihin. Ty\u00f6skentely n\u00e4ill\u00e4 kauniilla ja k\u00e4yt\u00e4nn\u00f6llisill\u00e4 kalusteilla on ergonomista ja mukavaa. P\u00f6yd\u00e4nkulmien py\u00f6ristyksien ansiosta p\u00f6yt\u00e4 on ideaali p\u00e4iv\u00e4kotiymp\u00e4rist\u00f6\u00f6n. Korkeuss\u00e4\u00e4dett\u00e4v\u00e4 suunnittelup\u00f6yt\u00e4 TK722 (L x S x K): 1280 \u00d7 700 \u00d7 700-1200 mm Korkeuss\u00e4\u00e4dett\u00e4v\u00e4 johtajanp\u00f6yt\u00e4 TK723 (L x S x K): 1800 \u00d7 800 \u00d7 [&hellip;]<\/p>\n","protected":false},"featured_media":1906,"comment_status":"open","ping_status":"closed","template":"","meta":{"_acf_changed":false,"inline_featured_image":false},"product_brand":[],"product_cat":[133,138,146],"product_tag":[],"class_list":{"0":"post-2741","1":"product","2":"type-product","3":"status-publish","4":"has-post-thumbnail","6":"product_cat-kalusteet-sv","7":"product_cat-muut-kalusteet-sv","8":"product_cat-tuolit-ja-poydat-sv","10":"first","11":"instock","12":"shipping-taxable","13":"product-type-simple"},"acf":[],"_links":{"self":[{"href":"https:\/\/www.toika.com\/sv\/wp-json\/wp\/v2\/product\/2741","targetHints":{"allow":["GET"]}}],"collection":[{"href":"https:\/\/www.toika.com\/sv\/wp-json\/wp\/v2\/product"}],"about":[{"href":"https:\/\/www.toika.com\/sv\/wp-json\/wp\/v2\/types\/product"}],"replies":[{"embeddable":true,"href":"https:\/\/www.toika.com\/sv\/wp-json\/wp\/v2\/comments?post=2741"}],"wp:featuredmedia":[{"embeddable":true,"href":"https:\/\/www.toika.com\/sv\/wp-json\/wp\/v2\/media\/1906"}],"wp:attachment":[{"href":"https:\/\/www.toika.com\/sv\/wp-json\/wp\/v2\/media?parent=2741"}],"wp:term":[{"taxonomy":"product_brand","embeddable":true,"href":"https:\/\/www.toika.com\/sv\/wp-json\/wp\/v2\/product_brand?post=2741"},{"taxonomy":"product_cat","embeddable":true,"href":"https:\/\/www.toika.com\/sv\/wp-json\/wp\/v2\/product_cat?post=2741"},{"taxonomy":"product_tag","embeddable":true,"href":"https:\/\/www.toika.com\/sv\/wp-json\/wp\/v2\/product_tag?post=2741"}],"curies":[{"name":"wp","href":"https:\/\/api.w.org\/{rel}","templated":true}]}}