{"id":2757,"date":"2023-04-12T11:35:35","date_gmt":"2023-04-12T11:35:35","guid":{"rendered":"https:\/\/toika.sapartners.site\/product\/poydat\/"},"modified":"2024-10-17T05:44:03","modified_gmt":"2024-10-17T05:44:03","slug":"poydat","status":"publish","type":"product","link":"https:\/\/www.toika.com\/sv\/produkt\/poydat\/","title":{"rendered":"P\u00f6yd\u00e4t"},"content":{"rendered":"<p>Toikan p\u00f6yd\u00e4t ovat suunniteltu julkisiin tiloihin kuten p\u00e4iv\u00e4koteihin. Ne ovat tukevia ja helposti liikuteltavia. P\u00f6ytiin on mahdollista asentaa tuoliripustimet, joihin tuolit ovat k\u00e4tev\u00e4 nostaa siivouksen ajaksi. P\u00f6yd\u00e4t ovat lakattua massiivikoivua tai korkeapainelaminaattia. Kansiin on saatavana my\u00f6s \u00e4\u00e4nt\u00e4 vaimentava pinnoite.<\/p>\n<p>P\u00f6ytien vakiokorkeudet:<\/p>\n<p>50, 55, 63 ja 72 cm.<\/p>\n<p>Kannen koot:<\/p>\n<p>60\u00d760, 80\u00d780, 120\u00d7120, 60\u00d7120, 80\u00d7120, 80\u00d7160 ja 90\u00d7180 cm.<\/p>\n<p>Py\u00f6re\u00e4n p\u00f6yd\u00e4n halkaisijat:<\/p>\n<p>70, 90 ja 120 cm.<\/p>\n<p><strong>Toikan v\u00e4rimallisto<\/strong><\/p>\n<p>Voit halutessasi valita kanneksi lakatun massiivikoivun sijaan:<\/p>\n<p>A) Korkeapainelaminaattia<\/p>\n<p><img fetchpriority=\"high\" decoding=\"async\" class=\"alignnone wp-image-3987 size-full\" src=\"https:\/\/www.toika.com\/wp-content\/uploads\/2023\/04\/vakiovarit24.png\" alt=\"\" width=\"965\" height=\"431\" srcset=\"https:\/\/www.toika.com\/wp-content\/uploads\/2023\/04\/vakiovarit24.png 965w, https:\/\/www.toika.com\/wp-content\/uploads\/2023\/04\/vakiovarit24-300x134.png 300w, https:\/\/www.toika.com\/wp-content\/uploads\/2023\/04\/vakiovarit24-768x343.png 768w, https:\/\/www.toika.com\/wp-content\/uploads\/2023\/04\/vakiovarit24-600x268.png 600w\" sizes=\"(max-width: 965px) 100vw, 965px\" \/><\/p>\n<p>B) \u00c4\u00e4nt\u00e4 vaimentavaa pinnoitetta<\/p>\n<p><img decoding=\"async\" src=\"https:\/\/toika.sapartners.site\/wp-content\/uploads\/2023\/04\/varimallisto_aanta_vaimentava1001-min-1.png\" alt=\"\" \/><\/p>\n","protected":false},"excerpt":{"rendered":"<p>Toikan p\u00f6yd\u00e4t ovat suunniteltu julkisiin tiloihin kuten p\u00e4iv\u00e4koteihin. Ne ovat tukevia ja helposti liikuteltavia. P\u00f6ytiin on mahdollista asentaa tuoliripustimet, joihin tuolit ovat k\u00e4tev\u00e4 nostaa siivouksen ajaksi. P\u00f6yd\u00e4t ovat lakattua massiivikoivua tai korkeapainelaminaattia. Kansiin on saatavana my\u00f6s \u00e4\u00e4nt\u00e4 vaimentava pinnoite. P\u00f6ytien vakiokorkeudet: 50, 55, 63 ja 72 cm. Kannen koot: 60\u00d760, 80\u00d780, 120\u00d7120, 60\u00d7120, 80\u00d7120, 80\u00d7160 [&hellip;]<\/p>\n","protected":false},"featured_media":1870,"comment_status":"open","ping_status":"closed","template":"","meta":{"_acf_changed":false,"inline_featured_image":false},"product_brand":[],"product_cat":[133,146],"product_tag":[],"class_list":{"0":"post-2757","1":"product","2":"type-product","3":"status-publish","4":"has-post-thumbnail","6":"product_cat-kalusteet-sv","7":"product_cat-tuolit-ja-poydat-sv","9":"first","10":"instock","11":"shipping-taxable","12":"product-type-simple"},"acf":[],"_links":{"self":[{"href":"https:\/\/www.toika.com\/sv\/wp-json\/wp\/v2\/product\/2757","targetHints":{"allow":["GET"]}}],"collection":[{"href":"https:\/\/www.toika.com\/sv\/wp-json\/wp\/v2\/product"}],"about":[{"href":"https:\/\/www.toika.com\/sv\/wp-json\/wp\/v2\/types\/product"}],"replies":[{"embeddable":true,"href":"https:\/\/www.toika.com\/sv\/wp-json\/wp\/v2\/comments?post=2757"}],"wp:featuredmedia":[{"embeddable":true,"href":"https:\/\/www.toika.com\/sv\/wp-json\/wp\/v2\/media\/1870"}],"wp:attachment":[{"href":"https:\/\/www.toika.com\/sv\/wp-json\/wp\/v2\/media?parent=2757"}],"wp:term":[{"taxonomy":"product_brand","embeddable":true,"href":"https:\/\/www.toika.com\/sv\/wp-json\/wp\/v2\/product_brand?post=2757"},{"taxonomy":"product_cat","embeddable":true,"href":"https:\/\/www.toika.com\/sv\/wp-json\/wp\/v2\/product_cat?post=2757"},{"taxonomy":"product_tag","embeddable":true,"href":"https:\/\/www.toika.com\/sv\/wp-json\/wp\/v2\/product_tag?post=2757"}],"curies":[{"name":"wp","href":"https:\/\/api.w.org\/{rel}","templated":true}]}}