{"id":2769,"date":"2023-04-12T11:29:58","date_gmt":"2023-04-12T11:29:58","guid":{"rendered":"https:\/\/toika.sapartners.site\/product\/patjakaappi-tk334\/"},"modified":"2026-04-04T07:36:56","modified_gmt":"2026-04-04T07:36:56","slug":"patjakaappi-tk334","status":"publish","type":"product","link":"https:\/\/www.toika.com\/sv\/produkt\/patjakaappi-tk334\/","title":{"rendered":"Patjakaappi TK334"},"content":{"rendered":"<p>Patjakaappi TK334 pystyjakajat on mahdollista irrottaa j\u00e4lkik\u00e4teen ja k\u00e4ytt\u00e4\u00e4 kaappia kuten tavallista hyllykaappia. Hyllykaappi on my\u00f6s muunnettavissa takaisin patjakaapiksi. 4 s\u00e4\u00e4dett\u00e4v\u00e4\u00e4 hyllytasoa. Runkoon on asennettu helposti ja monipuolisesti s\u00e4\u00e4dett\u00e4v\u00e4t jalat. S\u00e4\u00e4t\u00f6jalat mahdollistavat kaappien asennuksen my\u00f6s kalteville lattiapinnoille ja est\u00e4v\u00e4t lattialla olevan kosteuden siirtymisen runkoon. Sokkeli on kylkien tasalla, mik\u00e4 helpottaa siivousta. Alin hylly on korotettuna lattiasta, mik\u00e4 est\u00e4\u00e4 lian kulkeutumista kaappiin.<\/p>\n<p>Suunnittelija, lataa t\u00e4st\u00e4 <strong>dwg-kuva tai dxf-kuva!<\/strong><\/p>\n<p><strong>Toikan v\u00e4rimallisto<\/strong><br \/>\nValitse oven korkeapainelaminaatti vakiov\u00e4reist\u00e4mme.<\/p>\n<p><img fetchpriority=\"high\" decoding=\"async\" class=\"alignnone wp-image-3987 size-full\" src=\"https:\/\/www.toika.com\/wp-content\/uploads\/2023\/04\/vakiovarit24.png\" alt=\"\" width=\"965\" height=\"431\" srcset=\"https:\/\/www.toika.com\/wp-content\/uploads\/2023\/04\/vakiovarit24.png 965w, https:\/\/www.toika.com\/wp-content\/uploads\/2023\/04\/vakiovarit24-300x134.png 300w, https:\/\/www.toika.com\/wp-content\/uploads\/2023\/04\/vakiovarit24-768x343.png 768w, https:\/\/www.toika.com\/wp-content\/uploads\/2023\/04\/vakiovarit24-600x268.png 600w\" sizes=\"(max-width: 965px) 100vw, 965px\" \/><\/p>\n","protected":false},"excerpt":{"rendered":"<p>Patjakaappi TK334 pystyjakajat on mahdollista irrottaa j\u00e4lkik\u00e4teen ja k\u00e4ytt\u00e4\u00e4 kaappia kuten tavallista hyllykaappia. Hyllykaappi on my\u00f6s muunnettavissa takaisin patjakaapiksi. 4 s\u00e4\u00e4dett\u00e4v\u00e4\u00e4 hyllytasoa. Runkoon on asennettu helposti ja monipuolisesti s\u00e4\u00e4dett\u00e4v\u00e4t jalat. S\u00e4\u00e4t\u00f6jalat mahdollistavat kaappien asennuksen my\u00f6s kalteville lattiapinnoille ja est\u00e4v\u00e4t lattialla olevan kosteuden siirtymisen runkoon. Sokkeli on kylkien tasalla, mik\u00e4 helpottaa siivousta. Alin hylly on korotettuna [&hellip;]<\/p>\n","protected":false},"featured_media":1850,"comment_status":"open","ping_status":"closed","template":"","meta":{"_acf_changed":false,"inline_featured_image":false},"product_brand":[],"product_cat":[133,150],"product_tag":[],"class_list":{"0":"post-2769","1":"product","2":"type-product","3":"status-publish","4":"has-post-thumbnail","6":"product_cat-kalusteet-sv","7":"product_cat-sangyt-ja-kaapit-sv","9":"first","10":"instock","11":"shipping-taxable","12":"product-type-simple"},"acf":[],"_links":{"self":[{"href":"https:\/\/www.toika.com\/sv\/wp-json\/wp\/v2\/product\/2769","targetHints":{"allow":["GET"]}}],"collection":[{"href":"https:\/\/www.toika.com\/sv\/wp-json\/wp\/v2\/product"}],"about":[{"href":"https:\/\/www.toika.com\/sv\/wp-json\/wp\/v2\/types\/product"}],"replies":[{"embeddable":true,"href":"https:\/\/www.toika.com\/sv\/wp-json\/wp\/v2\/comments?post=2769"}],"wp:featuredmedia":[{"embeddable":true,"href":"https:\/\/www.toika.com\/sv\/wp-json\/wp\/v2\/media\/1850"}],"wp:attachment":[{"href":"https:\/\/www.toika.com\/sv\/wp-json\/wp\/v2\/media?parent=2769"}],"wp:term":[{"taxonomy":"product_brand","embeddable":true,"href":"https:\/\/www.toika.com\/sv\/wp-json\/wp\/v2\/product_brand?post=2769"},{"taxonomy":"product_cat","embeddable":true,"href":"https:\/\/www.toika.com\/sv\/wp-json\/wp\/v2\/product_cat?post=2769"},{"taxonomy":"product_tag","embeddable":true,"href":"https:\/\/www.toika.com\/sv\/wp-json\/wp\/v2\/product_tag?post=2769"}],"curies":[{"name":"wp","href":"https:\/\/api.w.org\/{rel}","templated":true}]}}