{"id":2773,"date":"2023-04-12T11:28:33","date_gmt":"2023-04-12T11:28:33","guid":{"rendered":"https:\/\/toika.sapartners.site\/product\/paperilaatikosto-tk247\/"},"modified":"2025-04-23T18:37:08","modified_gmt":"2025-04-23T18:37:08","slug":"paperilaatikosto-tk247","status":"publish","type":"product","link":"https:\/\/www.toika.com\/sv\/produkt\/paperilaatikosto-tk247\/","title":{"rendered":"Paperilaatikosto TK247"},"content":{"rendered":"<p>Tyylik\u00e4s paperilaatikosto pit\u00e4\u00e4 dokumentit siistiss\u00e4 j\u00e4rjestyksess\u00e4. Runko on koivulaminaattia ja laatikot ovat lakattua koivua. Tukevat ter\u00e4skiskot. Lukittavat py\u00f6r\u00e4t.<\/p>\n<p>Laatikon sis\u00e4mitat ovat (L x S x K): 83,3 x 53 x 4,2 cm<\/p>\n","protected":false},"excerpt":{"rendered":"<p>Tyylik\u00e4s paperilaatikosto pit\u00e4\u00e4 dokumentit siistiss\u00e4 j\u00e4rjestyksess\u00e4. Runko on koivulaminaattia ja laatikot ovat lakattua koivua. Tukevat ter\u00e4skiskot. Lukittavat py\u00f6r\u00e4t. Laatikon sis\u00e4mitat ovat (L x S x K): 83,3 x 53 x 4,2 cm<\/p>\n","protected":false},"featured_media":4437,"comment_status":"open","ping_status":"closed","template":"","meta":{"_acf_changed":false,"inline_featured_image":false},"product_brand":[],"product_cat":[133,142],"product_tag":[],"class_list":{"0":"post-2773","1":"product","2":"type-product","3":"status-publish","4":"has-post-thumbnail","6":"product_cat-kalusteet-sv","7":"product_cat-vaunut-sv","9":"first","10":"instock","11":"shipping-taxable","12":"product-type-simple"},"acf":[],"_links":{"self":[{"href":"https:\/\/www.toika.com\/sv\/wp-json\/wp\/v2\/product\/2773","targetHints":{"allow":["GET"]}}],"collection":[{"href":"https:\/\/www.toika.com\/sv\/wp-json\/wp\/v2\/product"}],"about":[{"href":"https:\/\/www.toika.com\/sv\/wp-json\/wp\/v2\/types\/product"}],"replies":[{"embeddable":true,"href":"https:\/\/www.toika.com\/sv\/wp-json\/wp\/v2\/comments?post=2773"}],"wp:featuredmedia":[{"embeddable":true,"href":"https:\/\/www.toika.com\/sv\/wp-json\/wp\/v2\/media\/4437"}],"wp:attachment":[{"href":"https:\/\/www.toika.com\/sv\/wp-json\/wp\/v2\/media?parent=2773"}],"wp:term":[{"taxonomy":"product_brand","embeddable":true,"href":"https:\/\/www.toika.com\/sv\/wp-json\/wp\/v2\/product_brand?post=2773"},{"taxonomy":"product_cat","embeddable":true,"href":"https:\/\/www.toika.com\/sv\/wp-json\/wp\/v2\/product_cat?post=2773"},{"taxonomy":"product_tag","embeddable":true,"href":"https:\/\/www.toika.com\/sv\/wp-json\/wp\/v2\/product_tag?post=2773"}],"curies":[{"name":"wp","href":"https:\/\/api.w.org\/{rel}","templated":true}]}}