{"id":2797,"date":"2023-04-12T07:57:54","date_gmt":"2023-04-12T07:57:54","guid":{"rendered":"https:\/\/toika.sapartners.site\/product\/laulupenkit-tk261-tk263\/"},"modified":"2024-10-17T05:43:19","modified_gmt":"2024-10-17T05:43:19","slug":"laulupenkit-tk261-tk263","status":"publish","type":"product","link":"https:\/\/www.toika.com\/sv\/produkt\/laulupenkit-tk261-tk263\/","title":{"rendered":"Laulupenkit TK261-TK263"},"content":{"rendered":"<p>Laulupenkit ovat sopivia lasten kuorolauluharjoitusten lis\u00e4ksi my\u00f6s moneen muuhun k\u00e4ytt\u00f6\u00f6n. Tasojen muoto luo kodikkuutta. Levein penkki on varustettu selk\u00e4nojalla, jolloin korkeus on 67 cm. Materiaali on lakattua massiivikoivua. Isoimman penkin alle mahtuu k\u00e4tev\u00e4sti my\u00f6s Toikan sisarkuutiot!<\/p>\n<p>Laulupenkkien koot (L x S x K):<\/p>\n<p>Pieni laulupenkki TK263: 130 x 29.5 x 23 cm<br \/>\nKeskikokoinen laulupenkki TK262: 150 x 29.5 x 30 cm<br \/>\nIso laulupenkki TK261: 170 x 37.5 x 38 cm (korkeus selk\u00e4nojalla 67 cm)<br \/>\nToikan v\u00e4rimallisto<br \/>\nValitse halutessasi tyylik\u00e4s ja kest\u00e4v\u00e4 korkeapainelaminaatti penkin kannelle.<\/p>\n<p><img fetchpriority=\"high\" decoding=\"async\" class=\"alignnone wp-image-3987 size-full\" src=\"https:\/\/www.toika.com\/wp-content\/uploads\/2023\/04\/vakiovarit24.png\" alt=\"\" width=\"965\" height=\"431\" srcset=\"https:\/\/www.toika.com\/wp-content\/uploads\/2023\/04\/vakiovarit24.png 965w, https:\/\/www.toika.com\/wp-content\/uploads\/2023\/04\/vakiovarit24-300x134.png 300w, https:\/\/www.toika.com\/wp-content\/uploads\/2023\/04\/vakiovarit24-768x343.png 768w, https:\/\/www.toika.com\/wp-content\/uploads\/2023\/04\/vakiovarit24-600x268.png 600w\" sizes=\"(max-width: 965px) 100vw, 965px\" \/><\/p>\n","protected":false},"excerpt":{"rendered":"<p>Laulupenkit ovat sopivia lasten kuorolauluharjoitusten lis\u00e4ksi my\u00f6s moneen muuhun k\u00e4ytt\u00f6\u00f6n. Tasojen muoto luo kodikkuutta. Levein penkki on varustettu selk\u00e4nojalla, jolloin korkeus on 67 cm. Materiaali on lakattua massiivikoivua. Isoimman penkin alle mahtuu k\u00e4tev\u00e4sti my\u00f6s Toikan sisarkuutiot! Laulupenkkien koot (L x S x K): Pieni laulupenkki TK263: 130 x 29.5 x 23 cm Keskikokoinen laulupenkki TK262: [&hellip;]<\/p>\n","protected":false},"featured_media":1794,"comment_status":"open","ping_status":"closed","template":"","meta":{"_acf_changed":false,"inline_featured_image":false},"product_brand":[],"product_cat":[133,146],"product_tag":[],"class_list":{"0":"post-2797","1":"product","2":"type-product","3":"status-publish","4":"has-post-thumbnail","6":"product_cat-kalusteet-sv","7":"product_cat-tuolit-ja-poydat-sv","9":"first","10":"instock","11":"shipping-taxable","12":"product-type-simple"},"acf":[],"_links":{"self":[{"href":"https:\/\/www.toika.com\/sv\/wp-json\/wp\/v2\/product\/2797","targetHints":{"allow":["GET"]}}],"collection":[{"href":"https:\/\/www.toika.com\/sv\/wp-json\/wp\/v2\/product"}],"about":[{"href":"https:\/\/www.toika.com\/sv\/wp-json\/wp\/v2\/types\/product"}],"replies":[{"embeddable":true,"href":"https:\/\/www.toika.com\/sv\/wp-json\/wp\/v2\/comments?post=2797"}],"wp:featuredmedia":[{"embeddable":true,"href":"https:\/\/www.toika.com\/sv\/wp-json\/wp\/v2\/media\/1794"}],"wp:attachment":[{"href":"https:\/\/www.toika.com\/sv\/wp-json\/wp\/v2\/media?parent=2797"}],"wp:term":[{"taxonomy":"product_brand","embeddable":true,"href":"https:\/\/www.toika.com\/sv\/wp-json\/wp\/v2\/product_brand?post=2797"},{"taxonomy":"product_cat","embeddable":true,"href":"https:\/\/www.toika.com\/sv\/wp-json\/wp\/v2\/product_cat?post=2797"},{"taxonomy":"product_tag","embeddable":true,"href":"https:\/\/www.toika.com\/sv\/wp-json\/wp\/v2\/product_tag?post=2797"}],"curies":[{"name":"wp","href":"https:\/\/api.w.org\/{rel}","templated":true}]}}