{"id":2801,"date":"2023-04-12T07:42:00","date_gmt":"2023-04-12T07:42:00","guid":{"rendered":"https:\/\/toika.sapartners.site\/product\/lastentuolit\/"},"modified":"2025-03-10T06:47:42","modified_gmt":"2025-03-10T06:47:42","slug":"lastentuolit","status":"publish","type":"product","link":"https:\/\/www.toika.com\/sv\/produkt\/lastentuolit\/","title":{"rendered":"Lastentuolit"},"content":{"rendered":"<div class=\"mainImg\">\n<div class=\"leftImg\">\n<div class=\"leftDesc\">TK601 \u2013 Matala lastentuoli<\/div>\n<p><img decoding=\"async\" src=\"https:\/\/toika.sapartners.site\/wp-content\/uploads\/2023\/04\/lastentuoli_601-min.jpg\" alt=\"\" \/><img fetchpriority=\"high\" decoding=\"async\" class=\"alignnone size-medium wp-image-654\" src=\"https:\/\/www.toika.com\/wp-content\/uploads\/2023\/04\/lastentuoli_601-min-300x200.jpg\" alt=\"\" width=\"300\" height=\"200\" srcset=\"https:\/\/www.toika.com\/wp-content\/uploads\/2023\/04\/lastentuoli_601-min-300x200.jpg 300w, https:\/\/www.toika.com\/wp-content\/uploads\/2023\/04\/lastentuoli_601-min.jpg 600w\" sizes=\"(max-width: 300px) 100vw, 300px\" \/><\/p>\n<\/div>\n<div class=\"rightImg\">\n<div class=\"rightDesc\">TK602 \u2013 Matala lastentuoli k\u00e4sinojilla<\/div>\n<p><img decoding=\"async\" src=\"https:\/\/toika.sapartners.site\/wp-content\/uploads\/2023\/04\/lastentuoli_602-min.jpg\" alt=\"\" \/><img decoding=\"async\" class=\"alignnone size-medium wp-image-655\" src=\"https:\/\/www.toika.com\/wp-content\/uploads\/2023\/04\/lastentuoli_602-min-300x200.jpg\" alt=\"\" width=\"300\" height=\"200\" srcset=\"https:\/\/www.toika.com\/wp-content\/uploads\/2023\/04\/lastentuoli_602-min-300x200.jpg 300w, https:\/\/www.toika.com\/wp-content\/uploads\/2023\/04\/lastentuoli_602-min.jpg 600w\" sizes=\"(max-width: 300px) 100vw, 300px\" \/><\/p>\n<\/div>\n<\/div>\n<div class=\"mainImg\">\n<div class=\"leftImg\">\n<div class=\"leftDesc\">TK603 \u2013 Korkea lastentuoli<\/div>\n<p><img decoding=\"async\" src=\"https:\/\/toika.sapartners.site\/wp-content\/uploads\/2023\/04\/lastentuoli_603-min-1.jpg\" alt=\"\" \/><img decoding=\"async\" class=\"alignnone size-medium wp-image-657\" src=\"https:\/\/www.toika.com\/wp-content\/uploads\/2023\/04\/lastentuoli_603-min-1-300x200.jpg\" alt=\"\" width=\"300\" height=\"200\" srcset=\"https:\/\/www.toika.com\/wp-content\/uploads\/2023\/04\/lastentuoli_603-min-1-300x200.jpg 300w, https:\/\/www.toika.com\/wp-content\/uploads\/2023\/04\/lastentuoli_603-min-1.jpg 600w\" sizes=\"(max-width: 300px) 100vw, 300px\" \/><\/p>\n<\/div>\n<div class=\"rightImg\">\n<div class=\"rightDesc\">TK604 \u2013 Korkea lastentuoli k\u00e4sinojilla<\/div>\n<p><img decoding=\"async\" src=\"https:\/\/toika.sapartners.site\/wp-content\/uploads\/2023\/04\/lastentuoli_604-min.jpg\" alt=\"\" \/><img loading=\"lazy\" decoding=\"async\" class=\"alignnone size-medium wp-image-658\" src=\"https:\/\/www.toika.com\/wp-content\/uploads\/2023\/04\/lastentuoli_604-min-300x200.jpg\" alt=\"\" width=\"300\" height=\"200\" srcset=\"https:\/\/www.toika.com\/wp-content\/uploads\/2023\/04\/lastentuoli_604-min-300x200.jpg 300w, https:\/\/www.toika.com\/wp-content\/uploads\/2023\/04\/lastentuoli_604-min.jpg 600w\" sizes=\"(max-width: 300px) 100vw, 300px\" \/><\/p>\n<\/div>\n<\/div>\n<div class=\"mainImg\">\n<div class=\"leftImg\">\n<div class=\"leftDesc\">TK604 + TK607 \u2013 Korkea lastentuoli k\u00e4sinojilla ja turvakaarella<\/div>\n<p><img decoding=\"async\" src=\"https:\/\/toika.sapartners.site\/wp-content\/uploads\/2023\/04\/lastentuoli_604_607-min.jpg\" alt=\"\" \/><img loading=\"lazy\" decoding=\"async\" class=\"alignnone size-medium wp-image-659\" src=\"https:\/\/www.toika.com\/wp-content\/uploads\/2023\/04\/lastentuoli_604_607-min-300x200.jpg\" alt=\"\" width=\"300\" height=\"200\" srcset=\"https:\/\/www.toika.com\/wp-content\/uploads\/2023\/04\/lastentuoli_604_607-min-300x200.jpg 300w, https:\/\/www.toika.com\/wp-content\/uploads\/2023\/04\/lastentuoli_604_607-min.jpg 600w\" sizes=\"(max-width: 300px) 100vw, 300px\" \/><\/p>\n<p>&nbsp;<\/p>\n<\/div>\n<div class=\"rightImg\"><\/div>\n<\/div>\n<p>Tyylikk\u00e4\u00e4t ja kest\u00e4v\u00e4t lastentuolit. Tuolit ovat suunniteltu ergonomisesti nostettavaksi selk\u00e4nojasta. N\u00e4in tuoli on hyv\u00e4ss\u00e4 tasapainossa ja helppo siirt\u00e4\u00e4 rasittamatta k\u00e4si\u00e4. Runko on suunniteltu suojaamaan selk\u00e4nojaa, johon ei kohdistu rasitusta iskuista. N\u00e4in tuolit kest\u00e4v\u00e4t pitk\u00e4\u00e4n hyv\u00e4ss\u00e4 kunnossa. Runko lakattua massiivikoivua. Lasten matalat ja korkeat tuolit ovat saatavissa my\u00f6s k\u00e4sinojilla ja turvakaarella.<\/p>\n<p>Matala lastentuoli TK601, istuinkorkeus 35 cm<br \/>\nKorkea lastentuoli TK603, istuinkorkeus 50 cm<br \/>\nToikan v\u00e4rimallisto<br \/>\nValitse halutessasi tyylik\u00e4s ja kest\u00e4v\u00e4 korkeapainelaminaatti selk\u00e4nojalle ja istuimelle.<\/p>\n<p><img loading=\"lazy\" decoding=\"async\" class=\"alignnone wp-image-3987 size-full\" src=\"https:\/\/www.toika.com\/wp-content\/uploads\/2023\/04\/vakiovarit24.png\" alt=\"\" width=\"965\" height=\"431\" srcset=\"https:\/\/www.toika.com\/wp-content\/uploads\/2023\/04\/vakiovarit24.png 965w, https:\/\/www.toika.com\/wp-content\/uploads\/2023\/04\/vakiovarit24-300x134.png 300w, https:\/\/www.toika.com\/wp-content\/uploads\/2023\/04\/vakiovarit24-768x343.png 768w, https:\/\/www.toika.com\/wp-content\/uploads\/2023\/04\/vakiovarit24-600x268.png 600w\" sizes=\"(max-width: 965px) 100vw, 965px\" \/><\/p>\n","protected":false},"excerpt":{"rendered":"<p>TK601 \u2013 Matala lastentuoli TK602 \u2013 Matala lastentuoli k\u00e4sinojilla TK603 \u2013 Korkea lastentuoli TK604 \u2013 Korkea lastentuoli k\u00e4sinojilla TK604 + TK607 \u2013 Korkea lastentuoli k\u00e4sinojilla ja turvakaarella &nbsp; Tyylikk\u00e4\u00e4t ja kest\u00e4v\u00e4t lastentuolit. Tuolit ovat suunniteltu ergonomisesti nostettavaksi selk\u00e4nojasta. N\u00e4in tuoli on hyv\u00e4ss\u00e4 tasapainossa ja helppo siirt\u00e4\u00e4 rasittamatta k\u00e4si\u00e4. Runko on suunniteltu suojaamaan selk\u00e4nojaa, johon ei [&hellip;]<\/p>\n","protected":false},"featured_media":1754,"comment_status":"open","ping_status":"closed","template":"","meta":{"_acf_changed":false,"inline_featured_image":false},"product_brand":[],"product_cat":[133,146],"product_tag":[],"class_list":{"0":"post-2801","1":"product","2":"type-product","3":"status-publish","4":"has-post-thumbnail","6":"product_cat-kalusteet-sv","7":"product_cat-tuolit-ja-poydat-sv","9":"first","10":"instock","11":"shipping-taxable","12":"product-type-simple"},"acf":[],"_links":{"self":[{"href":"https:\/\/www.toika.com\/sv\/wp-json\/wp\/v2\/product\/2801","targetHints":{"allow":["GET"]}}],"collection":[{"href":"https:\/\/www.toika.com\/sv\/wp-json\/wp\/v2\/product"}],"about":[{"href":"https:\/\/www.toika.com\/sv\/wp-json\/wp\/v2\/types\/product"}],"replies":[{"embeddable":true,"href":"https:\/\/www.toika.com\/sv\/wp-json\/wp\/v2\/comments?post=2801"}],"wp:featuredmedia":[{"embeddable":true,"href":"https:\/\/www.toika.com\/sv\/wp-json\/wp\/v2\/media\/1754"}],"wp:attachment":[{"href":"https:\/\/www.toika.com\/sv\/wp-json\/wp\/v2\/media?parent=2801"}],"wp:term":[{"taxonomy":"product_brand","embeddable":true,"href":"https:\/\/www.toika.com\/sv\/wp-json\/wp\/v2\/product_brand?post=2801"},{"taxonomy":"product_cat","embeddable":true,"href":"https:\/\/www.toika.com\/sv\/wp-json\/wp\/v2\/product_cat?post=2801"},{"taxonomy":"product_tag","embeddable":true,"href":"https:\/\/www.toika.com\/sv\/wp-json\/wp\/v2\/product_tag?post=2801"}],"curies":[{"name":"wp","href":"https:\/\/api.w.org\/{rel}","templated":true}]}}