{"id":2861,"date":"2023-04-05T07:42:51","date_gmt":"2023-04-05T07:42:51","guid":{"rendered":"https:\/\/toika.sapartners.site\/product\/pukemispenkki-tk109\/"},"modified":"2024-06-11T08:42:07","modified_gmt":"2024-06-11T08:42:07","slug":"pukemispenkki-tk109","status":"publish","type":"product","link":"https:\/\/www.toika.com\/sv\/produkt\/pukemispenkki-tk109\/","title":{"rendered":"Pukemispenkki TK109"},"content":{"rendered":"<p>Ovaali pukemispenkki on monitoiminen kaluste eteistiloihin. Runko on metallia ja taso lakattua massiivikoivua, korkeapainelaminaattia tai \u00e4\u00e4nt\u00e4 vaimentavaa. S\u00e4\u00e4dett\u00e4v\u00e4t ter\u00e4sputkijalat.<\/p>\n<p>Koko (P x S x K): 1400 x 675 x 860 (istuintaso 370) mm.<\/p>\n<h2>V\u00e4rimallisto<\/h2>\n<p>Voit halutessasi valita kanneksi lakatun koivun sijaan:<\/p>\n<p>A) Antivirus ja antibakteerista korkeapainelaminaattia<\/p>\n<p>&nbsp;<\/p>\n<p><img fetchpriority=\"high\" decoding=\"async\" class=\"alignnone wp-image-3987 size-full\" src=\"https:\/\/www.toika.com\/wp-content\/uploads\/2023\/04\/vakiovarit24.png\" alt=\"\" width=\"965\" height=\"431\" srcset=\"https:\/\/www.toika.com\/wp-content\/uploads\/2023\/04\/vakiovarit24.png 965w, https:\/\/www.toika.com\/wp-content\/uploads\/2023\/04\/vakiovarit24-300x134.png 300w, https:\/\/www.toika.com\/wp-content\/uploads\/2023\/04\/vakiovarit24-768x343.png 768w, https:\/\/www.toika.com\/wp-content\/uploads\/2023\/04\/vakiovarit24-600x268.png 600w\" sizes=\"(max-width: 965px) 100vw, 965px\" \/><\/p>\n<p>B) \u00c4\u00e4nt\u00e4 vaimentavaa pinnoitetta<\/p>\n<p><img decoding=\"async\" src=\"https:\/\/toika.sapartners.site\/wp-content\/uploads\/2023\/04\/varimallisto_aanta_vaimentava1001-min-1.png\" alt=\"\" \/><\/p>\n","protected":false},"excerpt":{"rendered":"<p>Ovaali pukemispenkki on monitoiminen kaluste eteistiloihin. Runko on metallia ja taso lakattua massiivikoivua, korkeapainelaminaattia tai \u00e4\u00e4nt\u00e4 vaimentavaa. S\u00e4\u00e4dett\u00e4v\u00e4t ter\u00e4sputkijalat. Koko (P x S x K): 1400 x 675 x 860 (istuintaso 370) mm. V\u00e4rimallisto Voit halutessasi valita kanneksi lakatun koivun sijaan: A) Antivirus ja antibakteerista korkeapainelaminaattia &nbsp; B) \u00c4\u00e4nt\u00e4 vaimentavaa pinnoitetta<\/p>\n","protected":false},"featured_media":4002,"comment_status":"open","ping_status":"closed","template":"","meta":{"_acf_changed":false,"inline_featured_image":false},"product_brand":[],"product_cat":[162,133],"product_tag":[],"class_list":{"0":"post-2861","1":"product","2":"type-product","3":"status-publish","4":"has-post-thumbnail","6":"product_cat-eteiskalusteet-sv","7":"product_cat-kalusteet-sv","9":"first","10":"instock","11":"shipping-taxable","12":"product-type-simple"},"acf":[],"_links":{"self":[{"href":"https:\/\/www.toika.com\/sv\/wp-json\/wp\/v2\/product\/2861","targetHints":{"allow":["GET"]}}],"collection":[{"href":"https:\/\/www.toika.com\/sv\/wp-json\/wp\/v2\/product"}],"about":[{"href":"https:\/\/www.toika.com\/sv\/wp-json\/wp\/v2\/types\/product"}],"replies":[{"embeddable":true,"href":"https:\/\/www.toika.com\/sv\/wp-json\/wp\/v2\/comments?post=2861"}],"wp:featuredmedia":[{"embeddable":true,"href":"https:\/\/www.toika.com\/sv\/wp-json\/wp\/v2\/media\/4002"}],"wp:attachment":[{"href":"https:\/\/www.toika.com\/sv\/wp-json\/wp\/v2\/media?parent=2861"}],"wp:term":[{"taxonomy":"product_brand","embeddable":true,"href":"https:\/\/www.toika.com\/sv\/wp-json\/wp\/v2\/product_brand?post=2861"},{"taxonomy":"product_cat","embeddable":true,"href":"https:\/\/www.toika.com\/sv\/wp-json\/wp\/v2\/product_cat?post=2861"},{"taxonomy":"product_tag","embeddable":true,"href":"https:\/\/www.toika.com\/sv\/wp-json\/wp\/v2\/product_tag?post=2861"}],"curies":[{"name":"wp","href":"https:\/\/api.w.org\/{rel}","templated":true}]}}