{"id":2877,"date":"2023-04-05T07:25:07","date_gmt":"2023-04-05T07:25:07","guid":{"rendered":"https:\/\/toika.sapartners.site\/product\/lokerikko-tk121-tk125\/"},"modified":"2024-10-17T05:35:14","modified_gmt":"2024-10-17T05:35:14","slug":"lokerikko-tk121-tk125","status":"publish","type":"product","link":"https:\/\/www.toika.com\/sv\/produkt\/lokerikko-tk121-tk125\/","title":{"rendered":"Lokerikko TK121-TK125"},"content":{"rendered":"<p>Toika-lokerikot TK121-TK125 ovat sein\u00e4\u00e4n kiinnitett\u00e4vi\u00e4 eteiskalusteita, jotka s\u00e4\u00e4st\u00e4v\u00e4t tilaa ja helpottavat siivousta. Sein\u00e4kiinnityksess\u00e4 lokeroiden kiinnityskorkeus on 1590 mm lattiasta. Lokerikot voidaan varustaa ankkuri- ja reppukoukuilla. Ankkurikoukun sijaan lokerikot voidaan varustaa my\u00f6s henkaritangolla. Lokerikoiden runko on lakattua massiivikoivua. Ovi on lakattua massiivikoivua tai korkeapainelaminaattia. Lokerikkojen alapuolelle sopii t\u00e4ydellisesti irtopenkit TK141-TK145.<\/p>\n<p>(L): TK121 = 318 mm; TK122 = 618 mm; TK123 = 918 mm; TK124 = 1218 mm, TK125 = 1518 mm<br \/>\n(S x K): 255 x 635 mm<br \/>\nLokerov\u00e4li saatavissa 200, 250, 300 tai 400 mm.<\/p>\n<h2>Toikan v\u00e4rimallisto<\/h2>\n<p>Valitse halutessasi kest\u00e4v\u00e4 korkeapainelaminaatti lokerikon oville.<\/p>\n<p><img fetchpriority=\"high\" decoding=\"async\" class=\"alignnone wp-image-3987 size-full\" src=\"https:\/\/www.toika.com\/wp-content\/uploads\/2023\/04\/vakiovarit24.png\" alt=\"\" width=\"965\" height=\"431\" srcset=\"https:\/\/www.toika.com\/wp-content\/uploads\/2023\/04\/vakiovarit24.png 965w, https:\/\/www.toika.com\/wp-content\/uploads\/2023\/04\/vakiovarit24-300x134.png 300w, https:\/\/www.toika.com\/wp-content\/uploads\/2023\/04\/vakiovarit24-768x343.png 768w, https:\/\/www.toika.com\/wp-content\/uploads\/2023\/04\/vakiovarit24-600x268.png 600w\" sizes=\"(max-width: 965px) 100vw, 965px\" \/><\/p>\n","protected":false},"excerpt":{"rendered":"<p>Toika-lokerikot TK121-TK125 ovat sein\u00e4\u00e4n kiinnitett\u00e4vi\u00e4 eteiskalusteita, jotka s\u00e4\u00e4st\u00e4v\u00e4t tilaa ja helpottavat siivousta. Sein\u00e4kiinnityksess\u00e4 lokeroiden kiinnityskorkeus on 1590 mm lattiasta. Lokerikot voidaan varustaa ankkuri- ja reppukoukuilla. Ankkurikoukun sijaan lokerikot voidaan varustaa my\u00f6s henkaritangolla. Lokerikoiden runko on lakattua massiivikoivua. Ovi on lakattua massiivikoivua tai korkeapainelaminaattia. Lokerikkojen alapuolelle sopii t\u00e4ydellisesti irtopenkit TK141-TK145. (L): TK121 = 318 mm; TK122 [&hellip;]<\/p>\n","protected":false},"featured_media":4024,"comment_status":"open","ping_status":"closed","template":"","meta":{"_acf_changed":false,"inline_featured_image":false},"product_brand":[],"product_cat":[162,133],"product_tag":[],"class_list":{"0":"post-2877","1":"product","2":"type-product","3":"status-publish","4":"has-post-thumbnail","6":"product_cat-eteiskalusteet-sv","7":"product_cat-kalusteet-sv","9":"first","10":"instock","11":"shipping-taxable","12":"product-type-simple"},"acf":[],"_links":{"self":[{"href":"https:\/\/www.toika.com\/sv\/wp-json\/wp\/v2\/product\/2877","targetHints":{"allow":["GET"]}}],"collection":[{"href":"https:\/\/www.toika.com\/sv\/wp-json\/wp\/v2\/product"}],"about":[{"href":"https:\/\/www.toika.com\/sv\/wp-json\/wp\/v2\/types\/product"}],"replies":[{"embeddable":true,"href":"https:\/\/www.toika.com\/sv\/wp-json\/wp\/v2\/comments?post=2877"}],"wp:featuredmedia":[{"embeddable":true,"href":"https:\/\/www.toika.com\/sv\/wp-json\/wp\/v2\/media\/4024"}],"wp:attachment":[{"href":"https:\/\/www.toika.com\/sv\/wp-json\/wp\/v2\/media?parent=2877"}],"wp:term":[{"taxonomy":"product_brand","embeddable":true,"href":"https:\/\/www.toika.com\/sv\/wp-json\/wp\/v2\/product_brand?post=2877"},{"taxonomy":"product_cat","embeddable":true,"href":"https:\/\/www.toika.com\/sv\/wp-json\/wp\/v2\/product_cat?post=2877"},{"taxonomy":"product_tag","embeddable":true,"href":"https:\/\/www.toika.com\/sv\/wp-json\/wp\/v2\/product_tag?post=2877"}],"curies":[{"name":"wp","href":"https:\/\/api.w.org\/{rel}","templated":true}]}}