{"id":2897,"date":"2023-04-05T05:14:56","date_gmt":"2023-04-05T05:14:56","guid":{"rendered":"https:\/\/toika.sapartners.site\/product\/irtopenkki-tk141-tk145\/"},"modified":"2024-10-17T05:33:49","modified_gmt":"2024-10-17T05:33:49","slug":"irtopenkki-tk141-tk145","status":"publish","type":"product","link":"https:\/\/www.toika.com\/sv\/produkt\/irtopenkki-tk141-tk145\/","title":{"rendered":"Irtopenkki TK141-TK145"},"content":{"rendered":"<p>Toikan irtopenkit lokerikoiden TK121-TK125 alle. Penkkien runko on lakattua massiivikoivua. Penkin kansi on lakattua massiivikoivua tai korkeapainelaminaattia. Penkeiss\u00e4 on ter\u00e4sputkikenk\u00e4telineet. Penkit varustetaan nelj\u00e4ll\u00e4 s\u00e4\u00e4t\u00f6jalalla.<\/p>\n<p>(L): TK141 = 318; TK142 = 618; TK143 = 918; TK144 = 1218, TK145 = 1518 mm<br \/>\n(S x K): 340 x 350 cm<\/p>\n<h2>Toikan v\u00e4rimallisto<\/h2>\n<p>Valitse halutessasi kest\u00e4v\u00e4 korkeapainelaminaatti penkin kannelle.<\/p>\n<p><img fetchpriority=\"high\" decoding=\"async\" class=\"alignnone wp-image-3987 size-full\" src=\"https:\/\/www.toika.com\/wp-content\/uploads\/2023\/04\/vakiovarit24.png\" alt=\"\" width=\"965\" height=\"431\" srcset=\"https:\/\/www.toika.com\/wp-content\/uploads\/2023\/04\/vakiovarit24.png 965w, https:\/\/www.toika.com\/wp-content\/uploads\/2023\/04\/vakiovarit24-300x134.png 300w, https:\/\/www.toika.com\/wp-content\/uploads\/2023\/04\/vakiovarit24-768x343.png 768w, https:\/\/www.toika.com\/wp-content\/uploads\/2023\/04\/vakiovarit24-600x268.png 600w\" sizes=\"(max-width: 965px) 100vw, 965px\" \/><\/p>\n","protected":false},"excerpt":{"rendered":"<p>Toikan irtopenkit lokerikoiden TK121-TK125 alle. Penkkien runko on lakattua massiivikoivua. Penkin kansi on lakattua massiivikoivua tai korkeapainelaminaattia. Penkeiss\u00e4 on ter\u00e4sputkikenk\u00e4telineet. Penkit varustetaan nelj\u00e4ll\u00e4 s\u00e4\u00e4t\u00f6jalalla. (L): TK141 = 318; TK142 = 618; TK143 = 918; TK144 = 1218, TK145 = 1518 mm (S x K): 340 x 350 cm Toikan v\u00e4rimallisto Valitse halutessasi kest\u00e4v\u00e4 korkeapainelaminaatti penkin [&hellip;]<\/p>\n","protected":false},"featured_media":4012,"comment_status":"open","ping_status":"closed","template":"","meta":{"_acf_changed":false,"inline_featured_image":false},"product_brand":[],"product_cat":[162,133],"product_tag":[],"class_list":{"0":"post-2897","1":"product","2":"type-product","3":"status-publish","4":"has-post-thumbnail","6":"product_cat-eteiskalusteet-sv","7":"product_cat-kalusteet-sv","9":"first","10":"instock","11":"shipping-taxable","12":"product-type-simple"},"acf":[],"_links":{"self":[{"href":"https:\/\/www.toika.com\/sv\/wp-json\/wp\/v2\/product\/2897","targetHints":{"allow":["GET"]}}],"collection":[{"href":"https:\/\/www.toika.com\/sv\/wp-json\/wp\/v2\/product"}],"about":[{"href":"https:\/\/www.toika.com\/sv\/wp-json\/wp\/v2\/types\/product"}],"replies":[{"embeddable":true,"href":"https:\/\/www.toika.com\/sv\/wp-json\/wp\/v2\/comments?post=2897"}],"wp:featuredmedia":[{"embeddable":true,"href":"https:\/\/www.toika.com\/sv\/wp-json\/wp\/v2\/media\/4012"}],"wp:attachment":[{"href":"https:\/\/www.toika.com\/sv\/wp-json\/wp\/v2\/media?parent=2897"}],"wp:term":[{"taxonomy":"product_brand","embeddable":true,"href":"https:\/\/www.toika.com\/sv\/wp-json\/wp\/v2\/product_brand?post=2897"},{"taxonomy":"product_cat","embeddable":true,"href":"https:\/\/www.toika.com\/sv\/wp-json\/wp\/v2\/product_cat?post=2897"},{"taxonomy":"product_tag","embeddable":true,"href":"https:\/\/www.toika.com\/sv\/wp-json\/wp\/v2\/product_tag?post=2897"}],"curies":[{"name":"wp","href":"https:\/\/api.w.org\/{rel}","templated":true}]}}