{"id":4270,"date":"2024-11-08T05:40:57","date_gmt":"2024-11-08T05:40:57","guid":{"rendered":"https:\/\/www.toika.com\/?post_type=product&#038;p=4270"},"modified":"2024-11-08T07:02:39","modified_gmt":"2024-11-08T07:02:39","slug":"henkilokunnan-naulakko-tk1301","status":"publish","type":"product","link":"https:\/\/www.toika.com\/sv\/produkt\/henkilokunnan-naulakko-tk1301\/","title":{"rendered":"Henkil\u00f6kunnan naulakko TK1301"},"content":{"rendered":"<p>L580, K2100, S380. Runko ja tausta korkeapainelaminaattia. Alhaalla s\u00e4\u00e4dett\u00e4v\u00e4 irtohylly ja ylh\u00e4\u00e4ll\u00e4 kiinte\u00e4 hylly jossa ulostuleva henkariliuku.<\/p>\n<h2>Toikan v\u00e4rimallisto<\/h2>\n<p>Valitse korkeapainelaminaatin s\u00e4vy kaapille.<\/p>\n<p><img fetchpriority=\"high\" decoding=\"async\" class=\"alignnone wp-image-3987 size-full\" src=\"https:\/\/www.toika.com\/wp-content\/uploads\/2023\/04\/vakiovarit24.png\" alt=\"\" width=\"965\" height=\"431\" srcset=\"https:\/\/www.toika.com\/wp-content\/uploads\/2023\/04\/vakiovarit24.png 965w, https:\/\/www.toika.com\/wp-content\/uploads\/2023\/04\/vakiovarit24-300x134.png 300w, https:\/\/www.toika.com\/wp-content\/uploads\/2023\/04\/vakiovarit24-768x343.png 768w, https:\/\/www.toika.com\/wp-content\/uploads\/2023\/04\/vakiovarit24-600x268.png 600w\" sizes=\"(max-width: 965px) 100vw, 965px\" \/><\/p>\n","protected":false},"excerpt":{"rendered":"<p>L580, K2100, S380. Runko ja tausta korkeapainelaminaattia. Alhaalla s\u00e4\u00e4dett\u00e4v\u00e4 irtohylly ja ylh\u00e4\u00e4ll\u00e4 kiinte\u00e4 hylly jossa ulostuleva henkariliuku. Toikan v\u00e4rimallisto Valitse korkeapainelaminaatin s\u00e4vy kaapille.<\/p>\n","protected":false},"featured_media":4275,"comment_status":"open","ping_status":"closed","template":"","meta":{"_acf_changed":false,"inline_featured_image":false},"product_brand":[],"product_cat":[162,133,150],"product_tag":[],"class_list":{"0":"post-4270","1":"product","2":"type-product","3":"status-publish","4":"has-post-thumbnail","6":"product_cat-eteiskalusteet-sv","7":"product_cat-kalusteet-sv","8":"product_cat-sangyt-ja-kaapit-sv","10":"first","11":"instock","12":"shipping-taxable","13":"product-type-simple"},"acf":[],"_links":{"self":[{"href":"https:\/\/www.toika.com\/sv\/wp-json\/wp\/v2\/product\/4270","targetHints":{"allow":["GET"]}}],"collection":[{"href":"https:\/\/www.toika.com\/sv\/wp-json\/wp\/v2\/product"}],"about":[{"href":"https:\/\/www.toika.com\/sv\/wp-json\/wp\/v2\/types\/product"}],"replies":[{"embeddable":true,"href":"https:\/\/www.toika.com\/sv\/wp-json\/wp\/v2\/comments?post=4270"}],"wp:featuredmedia":[{"embeddable":true,"href":"https:\/\/www.toika.com\/sv\/wp-json\/wp\/v2\/media\/4275"}],"wp:attachment":[{"href":"https:\/\/www.toika.com\/sv\/wp-json\/wp\/v2\/media?parent=4270"}],"wp:term":[{"taxonomy":"product_brand","embeddable":true,"href":"https:\/\/www.toika.com\/sv\/wp-json\/wp\/v2\/product_brand?post=4270"},{"taxonomy":"product_cat","embeddable":true,"href":"https:\/\/www.toika.com\/sv\/wp-json\/wp\/v2\/product_cat?post=4270"},{"taxonomy":"product_tag","embeddable":true,"href":"https:\/\/www.toika.com\/sv\/wp-json\/wp\/v2\/product_tag?post=4270"}],"curies":[{"name":"wp","href":"https:\/\/api.w.org\/{rel}","templated":true}]}}