{"id":4286,"date":"2024-11-08T06:15:55","date_gmt":"2024-11-08T06:15:55","guid":{"rendered":"https:\/\/www.toika.com\/?post_type=product&#038;p=4286"},"modified":"2024-11-08T07:02:54","modified_gmt":"2024-11-08T07:02:54","slug":"lukkolokerikko-tk1302","status":"publish","type":"product","link":"https:\/\/www.toika.com\/sv\/produkt\/lukkolokerikko-tk1302\/","title":{"rendered":"Lukkolokerikko TK1302"},"content":{"rendered":"<p>L480, K2100, S380. Runko ja tausta korkeapainelaminaattia. 6 pient\u00e4 ja 2 isoa lokeroa. Jokaisessa lokerossa 1 korkeuss\u00e4\u00e4dett\u00e4v\u00e4 irtohylly. Vakiona mekaaninen numerokoodilukko Sinox AL2003, jossa yleinen ja yksityinen toimintatapa.<\/p>\n<h2>Toikan v\u00e4rimallisto<\/h2>\n<p>Valitse korkeapainelaminaatin s\u00e4vy kaapille.<\/p>\n<p><img fetchpriority=\"high\" decoding=\"async\" class=\"alignnone wp-image-3987 size-full\" src=\"https:\/\/www.toika.com\/wp-content\/uploads\/2023\/04\/vakiovarit24.png\" alt=\"\" width=\"965\" height=\"431\" srcset=\"https:\/\/www.toika.com\/wp-content\/uploads\/2023\/04\/vakiovarit24.png 965w, https:\/\/www.toika.com\/wp-content\/uploads\/2023\/04\/vakiovarit24-300x134.png 300w, https:\/\/www.toika.com\/wp-content\/uploads\/2023\/04\/vakiovarit24-768x343.png 768w, https:\/\/www.toika.com\/wp-content\/uploads\/2023\/04\/vakiovarit24-600x268.png 600w\" sizes=\"(max-width: 965px) 100vw, 965px\" \/><\/p>\n","protected":false},"excerpt":{"rendered":"<p>L480, K2100, S380. Runko ja tausta korkeapainelaminaattia. 6 pient\u00e4 ja 2 isoa lokeroa. Jokaisessa lokerossa 1 korkeuss\u00e4\u00e4dett\u00e4v\u00e4 irtohylly. Vakiona mekaaninen numerokoodilukko Sinox AL2003, jossa yleinen ja yksityinen toimintatapa. Toikan v\u00e4rimallisto Valitse korkeapainelaminaatin s\u00e4vy kaapille.<\/p>\n","protected":false},"featured_media":4291,"comment_status":"open","ping_status":"closed","template":"","meta":{"_acf_changed":false,"inline_featured_image":false},"product_brand":[],"product_cat":[162,133,150],"product_tag":[],"class_list":{"0":"post-4286","1":"product","2":"type-product","3":"status-publish","4":"has-post-thumbnail","6":"product_cat-eteiskalusteet-sv","7":"product_cat-kalusteet-sv","8":"product_cat-sangyt-ja-kaapit-sv","10":"first","11":"instock","12":"shipping-taxable","13":"product-type-simple"},"acf":[],"_links":{"self":[{"href":"https:\/\/www.toika.com\/sv\/wp-json\/wp\/v2\/product\/4286","targetHints":{"allow":["GET"]}}],"collection":[{"href":"https:\/\/www.toika.com\/sv\/wp-json\/wp\/v2\/product"}],"about":[{"href":"https:\/\/www.toika.com\/sv\/wp-json\/wp\/v2\/types\/product"}],"replies":[{"embeddable":true,"href":"https:\/\/www.toika.com\/sv\/wp-json\/wp\/v2\/comments?post=4286"}],"wp:featuredmedia":[{"embeddable":true,"href":"https:\/\/www.toika.com\/sv\/wp-json\/wp\/v2\/media\/4291"}],"wp:attachment":[{"href":"https:\/\/www.toika.com\/sv\/wp-json\/wp\/v2\/media?parent=4286"}],"wp:term":[{"taxonomy":"product_brand","embeddable":true,"href":"https:\/\/www.toika.com\/sv\/wp-json\/wp\/v2\/product_brand?post=4286"},{"taxonomy":"product_cat","embeddable":true,"href":"https:\/\/www.toika.com\/sv\/wp-json\/wp\/v2\/product_cat?post=4286"},{"taxonomy":"product_tag","embeddable":true,"href":"https:\/\/www.toika.com\/sv\/wp-json\/wp\/v2\/product_tag?post=4286"}],"curies":[{"name":"wp","href":"https:\/\/api.w.org\/{rel}","templated":true}]}}