{"id":4308,"date":"2024-11-08T13:18:20","date_gmt":"2024-11-08T13:18:20","guid":{"rendered":"https:\/\/www.toika.com\/?post_type=product&#038;p=4308"},"modified":"2024-11-08T20:25:29","modified_gmt":"2024-11-08T20:25:29","slug":"kirjahylly","status":"publish","type":"product","link":"https:\/\/www.toika.com\/sv\/produkt\/kirjahylly\/","title":{"rendered":"Kirjahylly TK140-4-08"},"content":{"rendered":"<p>L800, K1450, S300 mm. Toikan kirjahyllyt on suunniteltu julkitiloihin. Runko on lakattua massiivikoivua, tausta korkeapainelaminaattia tai kalustelevy\u00e4. Hyllyt voidaan s\u00e4\u00e4t\u00e4\u00e4 32 mm v\u00e4lein. Kaikki hyllyt on mahdollisuus asettaa esittelyasentoon, jolloin kirjat ja lehdet lep\u00e4\u00e4v\u00e4t hyllyn laippaa vasten.<\/p>\n<h2>Toikan v\u00e4rimallisto<\/h2>\n<p>Valitse halutessasi kest\u00e4v\u00e4 korkeapainelaminaatti taustaksi.<\/p>\n<p><img fetchpriority=\"high\" decoding=\"async\" class=\"alignnone wp-image-3987 size-full\" src=\"https:\/\/www.toika.com\/wp-content\/uploads\/2023\/04\/vakiovarit24.png\" alt=\"\" width=\"965\" height=\"431\" srcset=\"https:\/\/www.toika.com\/wp-content\/uploads\/2023\/04\/vakiovarit24.png 965w, https:\/\/www.toika.com\/wp-content\/uploads\/2023\/04\/vakiovarit24-300x134.png 300w, https:\/\/www.toika.com\/wp-content\/uploads\/2023\/04\/vakiovarit24-768x343.png 768w, https:\/\/www.toika.com\/wp-content\/uploads\/2023\/04\/vakiovarit24-600x268.png 600w\" sizes=\"(max-width: 965px) 100vw, 965px\" \/><\/p>\n","protected":false},"excerpt":{"rendered":"<p>L800, K1450, S300 mm. Toikan kirjahyllyt on suunniteltu julkitiloihin. Runko on lakattua massiivikoivua, tausta korkeapainelaminaattia tai kalustelevy\u00e4. Hyllyt voidaan s\u00e4\u00e4t\u00e4\u00e4 32 mm v\u00e4lein. Kaikki hyllyt on mahdollisuus asettaa esittelyasentoon, jolloin kirjat ja lehdet lep\u00e4\u00e4v\u00e4t hyllyn laippaa vasten. Toikan v\u00e4rimallisto Valitse halutessasi kest\u00e4v\u00e4 korkeapainelaminaatti taustaksi.<\/p>\n","protected":false},"featured_media":4360,"comment_status":"open","ping_status":"closed","template":"","meta":{"_acf_changed":false,"inline_featured_image":false},"product_brand":[],"product_cat":[133,173],"product_tag":[],"class_list":{"0":"post-4308","1":"product","2":"type-product","3":"status-publish","4":"has-post-thumbnail","6":"product_cat-kalusteet-sv","7":"product_cat-kirjahyllyt-sv","9":"first","10":"instock","11":"shipping-taxable","12":"product-type-simple"},"acf":[],"_links":{"self":[{"href":"https:\/\/www.toika.com\/sv\/wp-json\/wp\/v2\/product\/4308","targetHints":{"allow":["GET"]}}],"collection":[{"href":"https:\/\/www.toika.com\/sv\/wp-json\/wp\/v2\/product"}],"about":[{"href":"https:\/\/www.toika.com\/sv\/wp-json\/wp\/v2\/types\/product"}],"replies":[{"embeddable":true,"href":"https:\/\/www.toika.com\/sv\/wp-json\/wp\/v2\/comments?post=4308"}],"wp:featuredmedia":[{"embeddable":true,"href":"https:\/\/www.toika.com\/sv\/wp-json\/wp\/v2\/media\/4360"}],"wp:attachment":[{"href":"https:\/\/www.toika.com\/sv\/wp-json\/wp\/v2\/media?parent=4308"}],"wp:term":[{"taxonomy":"product_brand","embeddable":true,"href":"https:\/\/www.toika.com\/sv\/wp-json\/wp\/v2\/product_brand?post=4308"},{"taxonomy":"product_cat","embeddable":true,"href":"https:\/\/www.toika.com\/sv\/wp-json\/wp\/v2\/product_cat?post=4308"},{"taxonomy":"product_tag","embeddable":true,"href":"https:\/\/www.toika.com\/sv\/wp-json\/wp\/v2\/product_tag?post=4308"}],"curies":[{"name":"wp","href":"https:\/\/api.w.org\/{rel}","templated":true}]}}