{"id":6383,"date":"2026-04-04T07:37:05","date_gmt":"2026-04-04T07:37:05","guid":{"rendered":"https:\/\/www.toika.com\/?post_type=product&#038;p=6383"},"modified":"2026-04-04T17:05:54","modified_gmt":"2026-04-04T17:05:54","slug":"patjatalo-tk334-t1-4","status":"publish","type":"product","link":"https:\/\/www.toika.com\/sv\/produkt\/patjatalo-tk334-t1-4\/","title":{"rendered":"Patjatalo TK334-T1-4"},"content":{"rendered":"<p>P\u00e4iv\u00e4kodin patjas\u00e4ilytys ei ole koskaan ollut n\u00e4in tilatehokasta. Toikan Patjatalo on modulaarinen ratkaisu, joka mahdollistaa patjojen ja petivaatteiden hygieenisen s\u00e4ilytyksen ilman, ett\u00e4 arvokasta lattiapinta-alaa menetet\u00e4\u00e4n. R\u00e4\u00e4t\u00e4l\u00f6i kokonaisuus juuri ryhm\u00e4n tarpeisiin sopivaksi. Jokaiselle lapselle voidaan j\u00e4rjest\u00e4\u00e4 oma, erillinen s\u00e4ilytystila. T\u00e4m\u00e4 parantaa hygieniaa ja helpottaa arjen sujuvuutta henkil\u00f6kunnalle.<\/p>\n<p><strong>Yleist\u00e4<\/strong><\/p>\n<p>Patjatalo on suunniteltu erityisesti p\u00e4iv\u00e4koteihin, joissa tarvitaan tehokas ja hygieenist\u00e4 ratkaisua patjojen ja petivaatteiden s\u00e4ilytt\u00e4miseen. Se sopii t\u00e4ydellisesti tiloihin, joissa lattiatila halutaan hy\u00f6dynt\u00e4\u00e4 muuhun toimintaan \u2013 kuten leikkiin, oppimiseen ja liikkumiseen. Verrattuna perinteiseen patjakaappiin, patjatalossa patjat s\u00e4ilyv\u00e4t ilmavammin ja kaluste toimii my\u00f6s leikkiymp\u00e4rist\u00f6n\u00e4.<\/p>\n<p>Patjatalo vapauttaa tilaa lattialeikille tai lukunurkkaukselle ja tarjoaa my\u00f6s mahdollisuuden rauhoittumiseen. Lis\u00e4ksi Patjataloa voidaan hy\u00f6dynt\u00e4\u00e4 monipuolisesti osana leikkiymp\u00e4rist\u00f6\u00e4 \u2013 se toimii luontevasti esimerkiksi kioskileikeiss\u00e4, teatterileikeiss\u00e4 tai jopa liikunnallisena temppuratana.<\/p>\n<p>Patjatalo tarjoaa toimivan ja pitk\u00e4ik\u00e4isen ratkaisun. Sill\u00e4 voidaan my\u00f6s korvata vanhat kaappis\u00e4ngyt.<\/p>\n<p>Patjataloa on saatavissa nelj\u00e4ss\u00e4 erilaisessa moduulisissa. Kaikki modulit ovat saatavissa kummankin k\u00e4tisen\u00e4.<\/p>\n<p>TK334-T1: Yl\u00e4tasoilla tilaa 10lle patjalle. Alataso vapaa leikkimist\u00e4 varten.<\/p>\n<p>TK334-T2: Yl\u00e4tasoilla tilaa 5lle patjalle. Alatason alla tilaa 5lle patjalle ja p\u00e4\u00e4ll\u00e4 verhoiltu patja valvojaa ja satuhetki\u00e4 varten.<\/p>\n<p>TK334-T3: Yl\u00e4tasoilla tilaa 5lle patjalle. Alatason alla 21 lokeroa liinavaatteille ja p\u00e4\u00e4ll\u00e4 verhoiltu patja valvojaa ja satuhetki\u00e4 varten.<\/p>\n<p>TK334-T4: Yl\u00e4tasoilla tilaa 5lle patjalle ja 21 lokeroa liinavaatteille. Alataso vapaa leikkimist\u00e4 varten.<\/p>\n<p><strong>Tekniset tiedot<\/strong><\/p>\n<ul>\n<li>Materiaali: lakattu koivuvaneri ja kalustelevy<\/li>\n<li>Korkeus: 2117 mm<\/li>\n<li>Leveys (1 moduuli): 1436 mm<\/li>\n<li>Syvyys: 578 mm<\/li>\n<li>Modulaarisuus: 4 eri variaatiota<\/li>\n<\/ul>\n<p><strong>Suunnitteluohje<\/strong><\/p>\n<p>Patjatalo sijoitetaan ryhm\u00e4n lepotilaan ja se hy\u00f6dynt\u00e4\u00e4 pystysuuntaista tilaa mahdollisimman tehokkaasti. Moduulit voidaan yhdist\u00e4\u00e4 halutuksi kokonaisuudeksi ja k\u00e4tisyys on valittavissa tilausvaiheessa.<\/p>\n<p>Toika Patjatalo tekee p\u00e4iv\u00e4kodin patjas\u00e4ilytyksest\u00e4 selke\u00e4\u00e4, hygieenist\u00e4 ja ennen kaikkea tilatehokasta \u2013 ilman kompromisseja k\u00e4yt\u00e4nn\u00f6llisyydess\u00e4 tai kest\u00e4vyydess\u00e4.<\/p>\n<p>Tutustu my\u00f6s muihin p\u00e4iv\u00e4kotikalusteisiin ja s\u00e4ilytysratkaisuihin, joilla voit tehostaa tilank\u00e4ytt\u00f6\u00e4 entisest\u00e4\u00e4n.<\/p>\n<p><strong>Toikan v\u00e4rimallisto<\/strong><\/p>\n<p>Valitse kalustelevypintojen korkeapainelaminaatti vakiov\u00e4reist\u00e4mme.<\/p>\n<p><img fetchpriority=\"high\" decoding=\"async\" class=\"alignnone wp-image-3987 size-full\" src=\"https:\/\/www.toika.com\/wp-content\/uploads\/2023\/04\/vakiovarit24.png\" alt=\"\" width=\"965\" height=\"431\" srcset=\"https:\/\/www.toika.com\/wp-content\/uploads\/2023\/04\/vakiovarit24.png 965w, https:\/\/www.toika.com\/wp-content\/uploads\/2023\/04\/vakiovarit24-300x134.png 300w, https:\/\/www.toika.com\/wp-content\/uploads\/2023\/04\/vakiovarit24-768x343.png 768w, https:\/\/www.toika.com\/wp-content\/uploads\/2023\/04\/vakiovarit24-600x268.png 600w\" sizes=\"(max-width: 965px) 100vw, 965px\" \/><\/p>\n","protected":false},"excerpt":{"rendered":"<p>P\u00e4iv\u00e4kodin patjas\u00e4ilytys ei ole koskaan ollut n\u00e4in tilatehokasta. Toikan Patjatalo on modulaarinen ratkaisu, joka mahdollistaa patjojen ja petivaatteiden hygieenisen s\u00e4ilytyksen ilman, ett\u00e4 arvokasta lattiapinta-alaa menetet\u00e4\u00e4n. R\u00e4\u00e4t\u00e4l\u00f6i kokonaisuus juuri ryhm\u00e4n tarpeisiin sopivaksi. Jokaiselle lapselle voidaan j\u00e4rjest\u00e4\u00e4 oma, erillinen s\u00e4ilytystila. T\u00e4m\u00e4 parantaa hygieniaa ja helpottaa arjen sujuvuutta henkil\u00f6kunnalle. Yleist\u00e4 Patjatalo on suunniteltu erityisesti p\u00e4iv\u00e4koteihin, joissa tarvitaan tehokas [&hellip;]<\/p>\n","protected":false},"featured_media":6388,"comment_status":"open","ping_status":"closed","template":"","meta":{"_acf_changed":false,"inline_featured_image":false},"product_brand":[],"product_cat":[133,150],"product_tag":[],"class_list":{"0":"post-6383","1":"product","2":"type-product","3":"status-publish","4":"has-post-thumbnail","6":"product_cat-kalusteet-sv","7":"product_cat-sangyt-ja-kaapit-sv","9":"first","10":"instock","11":"shipping-taxable","12":"product-type-simple"},"acf":[],"_links":{"self":[{"href":"https:\/\/www.toika.com\/sv\/wp-json\/wp\/v2\/product\/6383","targetHints":{"allow":["GET"]}}],"collection":[{"href":"https:\/\/www.toika.com\/sv\/wp-json\/wp\/v2\/product"}],"about":[{"href":"https:\/\/www.toika.com\/sv\/wp-json\/wp\/v2\/types\/product"}],"replies":[{"embeddable":true,"href":"https:\/\/www.toika.com\/sv\/wp-json\/wp\/v2\/comments?post=6383"}],"wp:featuredmedia":[{"embeddable":true,"href":"https:\/\/www.toika.com\/sv\/wp-json\/wp\/v2\/media\/6388"}],"wp:attachment":[{"href":"https:\/\/www.toika.com\/sv\/wp-json\/wp\/v2\/media?parent=6383"}],"wp:term":[{"taxonomy":"product_brand","embeddable":true,"href":"https:\/\/www.toika.com\/sv\/wp-json\/wp\/v2\/product_brand?post=6383"},{"taxonomy":"product_cat","embeddable":true,"href":"https:\/\/www.toika.com\/sv\/wp-json\/wp\/v2\/product_cat?post=6383"},{"taxonomy":"product_tag","embeddable":true,"href":"https:\/\/www.toika.com\/sv\/wp-json\/wp\/v2\/product_tag?post=6383"}],"curies":[{"name":"wp","href":"https:\/\/api.w.org\/{rel}","templated":true}]}}